{"id":750,"date":"2017-11-16T18:14:48","date_gmt":"2017-11-16T17:14:48","guid":{"rendered":"http:\/\/www.cabezasservicaza.com\/cb\/?page_id=750"},"modified":"2017-11-16T18:36:46","modified_gmt":"2017-11-16T17:36:46","slug":"recechos-de-muflon","status":"publish","type":"page","link":"https:\/\/www.cabezasservicaza.com\/cb\/recechos-de-muflon\/","title":{"rendered":"Recechos de mufl\u00f3n"},"content":{"rendered":"<div id=\"pl-750\"  class=\"panel-layout\" ><div id=\"pg-750-0\"  class=\"panel-grid panel-no-style\" ><div id=\"pgc-750-0-0\"  class=\"panel-grid-cell\" ><div id=\"panel-750-0-0-0\" class=\"so-panel widget widget_sow-image panel-first-child panel-last-child\" data-index=\"0\" ><div\n\t\t\t\n\t\t\tclass=\"so-widget-sow-image so-widget-sow-image-default-8b5b6f678277-750\"\n\t\t\t\n\t\t>\n<div class=\"sow-image-container\">\n\t\t<img \n\tsrc=\"https:\/\/www.cabezasservicaza.com\/cb\/wp-content\/uploads\/muflon-1.jpg\" width=\"789\" height=\"610\" srcset=\"https:\/\/www.cabezasservicaza.com\/cb\/wp-content\/uploads\/muflon-1.jpg 789w, https:\/\/www.cabezasservicaza.com\/cb\/wp-content\/uploads\/muflon-1-768x594.jpg 768w, https:\/\/www.cabezasservicaza.com\/cb\/wp-content\/uploads\/muflon-1-453x350.jpg 453w, https:\/\/www.cabezasservicaza.com\/cb\/wp-content\/uploads\/muflon-1-150x116.jpg 150w\" sizes=\"(max-width: 789px) 100vw, 789px\" title=\"Manuel Cabezas. Recechos de mufl\u00f3n\" alt=\"\" \t\tclass=\"so-widget-image\"\/>\n\t<\/div>\n\n<\/div><\/div><\/div><\/div><div id=\"pg-750-1\"  class=\"panel-grid panel-no-style\" ><div id=\"pgc-750-1-0\"  class=\"panel-grid-cell\" ><div id=\"panel-750-1-0-0\" class=\"so-panel widget widget_text panel-first-child panel-last-child\" data-index=\"1\" >\t\t\t<div class=\"textwidget\"><p align=\"justify\">Disponemos desde trofeos representativos hasta grandes trofeos de 90-100 cm. Os ofrecemos la posibilidad de poder cazar en cualquiera de nuestras fincas, en Ciudad Real, Toledo, Huesca, C\u00f3rdoba, Badajoz, etc.\u2026. Dependiendo de la \u00e9poca o trofeos, podemos cazar en una y otra finca. Por lo que disponemos de un gran abanico de precios y posibilidades.<\/p>\n<p align=\"justify\">Todas nuestras cacer\u00edas est\u00e1n garantizadas, con posibilidad de recechar un buen mufl\u00f3n en cualquier \u00e9poca del a\u00f1o.<\/p>\n<p align=\"justify\">Ofrecemos alojamiento en las instalaciones de las fincas.<\/p>\n<p align=\"justify\"><span style=\"color:#dc3319;\"><strong>CONSULTE NUESTROS PRECIOS<\/strong><\/span><\/p>\n<\/div>\n\t\t<\/div><\/div><\/div><div id=\"pg-750-2\"  class=\"panel-grid panel-no-style\" ><div id=\"pgc-750-2-0\"  class=\"panel-grid-cell\" ><div id=\"panel-750-2-0-0\" class=\"so-panel widget widget_sow-slider panel-first-child panel-last-child\" data-index=\"2\" ><div\n\t\t\t\n\t\t\tclass=\"so-widget-sow-slider so-widget-sow-slider-default-6d39609536fd-750\"\n\t\t\t\n\t\t>\t\t\t\t<div class=\"sow-slider-base\" style=\"display: none\" tabindex=\"0\">\n\t\t\t\t\t<ul\n\t\t\t\t\tclass=\"sow-slider-images\"\n\t\t\t\t\tdata-settings=\"{&quot;pagination&quot;:true,&quot;speed&quot;:800,&quot;timeout&quot;:8000,&quot;paused&quot;:false,&quot;pause_on_hover&quot;:false,&quot;swipe&quot;:true,&quot;nav_always_show_desktop&quot;:&quot;&quot;,&quot;nav_always_show_mobile&quot;:&quot;&quot;,&quot;breakpoint&quot;:&quot;780px&quot;,&quot;unmute&quot;:false,&quot;anchor&quot;:null}\"\n\t\t\t\t\t\t\t\t\t\tdata-anchor-id=\"\"\n\t\t\t\t>\t\t<li class=\"sow-slider-image\" style=\"visibility: visible;\" >\n\t\t\t\t\t\t<div class=\"sow-slider-image-container\">\n\t\t\t\t<div class=\"sow-slider-image-wrapper\" style=\"max-width: 799px\">\n\t\t\t\t\t\t\t\t\t\t<div class=\"sow-slider-image-foreground-wrapper\">\n\t\t\t\t\t\t<img loading=\"lazy\" decoding=\"async\" width=\"799\" height=\"425\" src=\"https:\/\/www.cabezasservicaza.com\/cb\/wp-content\/uploads\/carrusel_muflon1.jpg\" class=\"sow-slider-foreground-image\" alt=\"\" style=\"\" srcset=\"https:\/\/www.cabezasservicaza.com\/cb\/wp-content\/uploads\/carrusel_muflon1.jpg 799w, https:\/\/www.cabezasservicaza.com\/cb\/wp-content\/uploads\/carrusel_muflon1-768x409.jpg 768w, https:\/\/www.cabezasservicaza.com\/cb\/wp-content\/uploads\/carrusel_muflon1-658x350.jpg 658w, https:\/\/www.cabezasservicaza.com\/cb\/wp-content\/uploads\/carrusel_muflon1-150x80.jpg 150w\" sizes=\"auto, (max-width: 799px) 100vw, 799px\" \/>\t\t\t\t\t<\/div>\n\t\t\t\t\t\t\t\t\t<\/div>\n\t\t\t<\/div>\n\t\t\t\t\t<\/li>\n\t\t\t\t<li class=\"sow-slider-image\" style=\"visibility: hidden;\" >\n\t\t\t\t\t\t<div class=\"sow-slider-image-container\">\n\t\t\t\t<div class=\"sow-slider-image-wrapper\" style=\"max-width: 799px\">\n\t\t\t\t\t\t\t\t\t\t<div class=\"sow-slider-image-foreground-wrapper\">\n\t\t\t\t\t\t<img loading=\"lazy\" decoding=\"async\" width=\"799\" height=\"425\" src=\"https:\/\/www.cabezasservicaza.com\/cb\/wp-content\/uploads\/carrusel_muflon2.jpg\" class=\"sow-slider-foreground-image\" alt=\"\" style=\"\" srcset=\"https:\/\/www.cabezasservicaza.com\/cb\/wp-content\/uploads\/carrusel_muflon2.jpg 799w, https:\/\/www.cabezasservicaza.com\/cb\/wp-content\/uploads\/carrusel_muflon2-768x409.jpg 768w, https:\/\/www.cabezasservicaza.com\/cb\/wp-content\/uploads\/carrusel_muflon2-658x350.jpg 658w, https:\/\/www.cabezasservicaza.com\/cb\/wp-content\/uploads\/carrusel_muflon2-150x80.jpg 150w\" sizes=\"auto, (max-width: 799px) 100vw, 799px\" \/>\t\t\t\t\t<\/div>\n\t\t\t\t\t\t\t\t\t<\/div>\n\t\t\t<\/div>\n\t\t\t\t\t<\/li>\n\t\t\t\t<li class=\"sow-slider-image\" style=\"visibility: hidden;\" >\n\t\t\t\t\t\t<div class=\"sow-slider-image-container\">\n\t\t\t\t<div class=\"sow-slider-image-wrapper\" style=\"max-width: 799px\">\n\t\t\t\t\t\t\t\t\t\t<div class=\"sow-slider-image-foreground-wrapper\">\n\t\t\t\t\t\t<img loading=\"lazy\" decoding=\"async\" width=\"799\" height=\"425\" src=\"https:\/\/www.cabezasservicaza.com\/cb\/wp-content\/uploads\/carrusel_muflon3.jpg\" class=\"sow-slider-foreground-image\" alt=\"\" style=\"\" srcset=\"https:\/\/www.cabezasservicaza.com\/cb\/wp-content\/uploads\/carrusel_muflon3.jpg 799w, https:\/\/www.cabezasservicaza.com\/cb\/wp-content\/uploads\/carrusel_muflon3-768x409.jpg 768w, https:\/\/www.cabezasservicaza.com\/cb\/wp-content\/uploads\/carrusel_muflon3-658x350.jpg 658w, https:\/\/www.cabezasservicaza.com\/cb\/wp-content\/uploads\/carrusel_muflon3-150x80.jpg 150w\" sizes=\"auto, (max-width: 799px) 100vw, 799px\" \/>\t\t\t\t\t<\/div>\n\t\t\t\t\t\t\t\t\t<\/div>\n\t\t\t<\/div>\n\t\t\t\t\t<\/li>\n\t\t\t\t<li class=\"sow-slider-image\" style=\"visibility: hidden;\" >\n\t\t\t\t\t\t<img loading=\"lazy\" decoding=\"async\" width=\"799\" height=\"425\" src=\"https:\/\/www.cabezasservicaza.com\/cb\/wp-content\/uploads\/carrusel_muflon4.jpg\" class=\"sow-slider-background-image\" alt=\"\" style=\"\" srcset=\"https:\/\/www.cabezasservicaza.com\/cb\/wp-content\/uploads\/carrusel_muflon4.jpg 799w, https:\/\/www.cabezasservicaza.com\/cb\/wp-content\/uploads\/carrusel_muflon4-768x409.jpg 768w, https:\/\/www.cabezasservicaza.com\/cb\/wp-content\/uploads\/carrusel_muflon4-658x350.jpg 658w, https:\/\/www.cabezasservicaza.com\/cb\/wp-content\/uploads\/carrusel_muflon4-150x80.jpg 150w\" sizes=\"auto, (max-width: 799px) 100vw, 799px\" \/>\t\t<\/li>\n\t\t\t\t<li class=\"sow-slider-image\" style=\"visibility: hidden;\" >\n\t\t\t\t\t\t<img loading=\"lazy\" decoding=\"async\" width=\"799\" height=\"425\" src=\"https:\/\/www.cabezasservicaza.com\/cb\/wp-content\/uploads\/carrusel_muflon5.jpg\" class=\"sow-slider-background-image\" alt=\"\" style=\"\" srcset=\"https:\/\/www.cabezasservicaza.com\/cb\/wp-content\/uploads\/carrusel_muflon5.jpg 799w, https:\/\/www.cabezasservicaza.com\/cb\/wp-content\/uploads\/carrusel_muflon5-768x409.jpg 768w, https:\/\/www.cabezasservicaza.com\/cb\/wp-content\/uploads\/carrusel_muflon5-658x350.jpg 658w, https:\/\/www.cabezasservicaza.com\/cb\/wp-content\/uploads\/carrusel_muflon5-150x80.jpg 150w\" sizes=\"auto, (max-width: 799px) 100vw, 799px\" \/>\t\t<\/li>\n\t\t\t\t<li class=\"sow-slider-image\" style=\"visibility: hidden;\" >\n\t\t\t\t\t\t<div class=\"sow-slider-image-container\">\n\t\t\t\t<div class=\"sow-slider-image-wrapper\" style=\"max-width: 799px\">\n\t\t\t\t\t\t\t\t\t\t<div class=\"sow-slider-image-foreground-wrapper\">\n\t\t\t\t\t\t<img loading=\"lazy\" decoding=\"async\" width=\"799\" height=\"425\" src=\"https:\/\/www.cabezasservicaza.com\/cb\/wp-content\/uploads\/carrusel_muflon6.jpg\" class=\"sow-slider-foreground-image\" alt=\"\" style=\"\" srcset=\"https:\/\/www.cabezasservicaza.com\/cb\/wp-content\/uploads\/carrusel_muflon6.jpg 799w, https:\/\/www.cabezasservicaza.com\/cb\/wp-content\/uploads\/carrusel_muflon6-768x409.jpg 768w, https:\/\/www.cabezasservicaza.com\/cb\/wp-content\/uploads\/carrusel_muflon6-658x350.jpg 658w, https:\/\/www.cabezasservicaza.com\/cb\/wp-content\/uploads\/carrusel_muflon6-150x80.jpg 150w\" sizes=\"auto, (max-width: 799px) 100vw, 799px\" \/>\t\t\t\t\t<\/div>\n\t\t\t\t\t\t\t\t\t<\/div>\n\t\t\t<\/div>\n\t\t\t\t\t<\/li>\n\t\t\t\t<li class=\"sow-slider-image\" style=\"visibility: hidden;\" >\n\t\t\t\t\t\t<div class=\"sow-slider-image-container\">\n\t\t\t\t<div class=\"sow-slider-image-wrapper\" style=\"max-width: 799px\">\n\t\t\t\t\t\t\t\t\t\t<div class=\"sow-slider-image-foreground-wrapper\">\n\t\t\t\t\t\t<img loading=\"lazy\" decoding=\"async\" width=\"799\" height=\"425\" src=\"https:\/\/www.cabezasservicaza.com\/cb\/wp-content\/uploads\/carrusel_muflon7.jpg\" class=\"sow-slider-foreground-image\" alt=\"\" style=\"\" srcset=\"https:\/\/www.cabezasservicaza.com\/cb\/wp-content\/uploads\/carrusel_muflon7.jpg 799w, https:\/\/www.cabezasservicaza.com\/cb\/wp-content\/uploads\/carrusel_muflon7-768x409.jpg 768w, https:\/\/www.cabezasservicaza.com\/cb\/wp-content\/uploads\/carrusel_muflon7-658x350.jpg 658w, https:\/\/www.cabezasservicaza.com\/cb\/wp-content\/uploads\/carrusel_muflon7-150x80.jpg 150w\" sizes=\"auto, (max-width: 799px) 100vw, 799px\" \/>\t\t\t\t\t<\/div>\n\t\t\t\t\t\t\t\t\t<\/div>\n\t\t\t<\/div>\n\t\t\t\t\t<\/li>\n\t\t\t\t<li class=\"sow-slider-image\" style=\"visibility: hidden;\" >\n\t\t\t\t\t\t<div class=\"sow-slider-image-container\">\n\t\t\t\t<div class=\"sow-slider-image-wrapper\" style=\"max-width: 799px\">\n\t\t\t\t\t\t\t\t\t\t<div class=\"sow-slider-image-foreground-wrapper\">\n\t\t\t\t\t\t<img loading=\"lazy\" decoding=\"async\" width=\"799\" height=\"425\" src=\"https:\/\/www.cabezasservicaza.com\/cb\/wp-content\/uploads\/carrusel_muflon8.jpg\" class=\"sow-slider-foreground-image\" alt=\"\" style=\"\" srcset=\"https:\/\/www.cabezasservicaza.com\/cb\/wp-content\/uploads\/carrusel_muflon8.jpg 799w, https:\/\/www.cabezasservicaza.com\/cb\/wp-content\/uploads\/carrusel_muflon8-768x409.jpg 768w, https:\/\/www.cabezasservicaza.com\/cb\/wp-content\/uploads\/carrusel_muflon8-658x350.jpg 658w, https:\/\/www.cabezasservicaza.com\/cb\/wp-content\/uploads\/carrusel_muflon8-150x80.jpg 150w\" sizes=\"auto, (max-width: 799px) 100vw, 799px\" \/>\t\t\t\t\t<\/div>\n\t\t\t\t\t\t\t\t\t<\/div>\n\t\t\t<\/div>\n\t\t\t\t\t<\/li>\n\t\t<\/ul>\t\t\t\t<ol class=\"sow-slider-pagination\">\n\t\t\t\t\t\t\t\t\t\t\t<li><a href=\"#\" data-goto=\"0\" aria-label=\"mostrar diapositiva 1\"><\/a><\/li>\n\t\t\t\t\t\t\t\t\t\t\t<li><a href=\"#\" data-goto=\"1\" aria-label=\"mostrar diapositiva 2\"><\/a><\/li>\n\t\t\t\t\t\t\t\t\t\t\t<li><a href=\"#\" data-goto=\"2\" aria-label=\"mostrar diapositiva 3\"><\/a><\/li>\n\t\t\t\t\t\t\t\t\t\t\t<li><a href=\"#\" data-goto=\"3\" aria-label=\"mostrar diapositiva 4\"><\/a><\/li>\n\t\t\t\t\t\t\t\t\t\t\t<li><a href=\"#\" data-goto=\"4\" aria-label=\"mostrar diapositiva 5\"><\/a><\/li>\n\t\t\t\t\t\t\t\t\t\t\t<li><a href=\"#\" data-goto=\"5\" aria-label=\"mostrar diapositiva 6\"><\/a><\/li>\n\t\t\t\t\t\t\t\t\t\t\t<li><a href=\"#\" data-goto=\"6\" aria-label=\"mostrar diapositiva 7\"><\/a><\/li>\n\t\t\t\t\t\t\t\t\t\t\t<li><a href=\"#\" data-goto=\"7\" aria-label=\"mostrar diapositiva 8\"><\/a><\/li>\n\t\t\t\t\t\t\t\t\t<\/ol>\n\n\t\t\t\t<div class=\"sow-slide-nav sow-slide-nav-next\">\n\t\t\t\t\t<a href=\"#\" data-goto=\"next\" aria-label=\"diapositiva siguiente\" data-action=\"next\">\n\t\t\t\t\t\t<em class=\"sow-sld-icon-thin-right\"><\/em>\n\t\t\t\t\t<\/a>\n\t\t\t\t<\/div>\n\n\t\t\t\t<div class=\"sow-slide-nav sow-slide-nav-prev\">\n\t\t\t\t\t<a href=\"#\" data-goto=\"previous\" aria-label=\"diapositiva anterior\" data-action=\"prev\">\n\t\t\t\t\t\t<em class=\"sow-sld-icon-thin-left\"><\/em>\n\t\t\t\t\t<\/a>\n\t\t\t\t<\/div>\n\t\t\t\t<\/div><\/div><\/div><\/div><\/div><\/div>","protected":false},"excerpt":{"rendered":"<p>Disponemos desde trofeos representativos hasta grandes trofeos de 90-100 cm. Os ofrecemos la posibilidad de poder cazar en cualquiera de nuestras fincas, en Ciudad Real, Toledo, Huesca, C\u00f3rdoba, Badajoz, etc.\u2026. Dependiendo de la \u00e9poca o trofeos, podemos cazar en una y otra finca. Por lo que disponemos de un gran\u2026 <a class=\"continue-reading-link\" href=\"https:\/\/www.cabezasservicaza.com\/cb\/recechos-de-muflon\/\">Leer m\u00e1s<\/a><\/p>\n","protected":false},"author":1,"featured_media":0,"parent":0,"menu_order":0,"comment_status":"closed","ping_status":"closed","template":"","meta":{"footnotes":""},"class_list":["post-750","page","type-page","status-publish","hentry"],"yoast_head":"<!-- This site is optimized with the Yoast SEO plugin v23.7 - https:\/\/yoast.com\/wordpress\/plugins\/seo\/ -->\n<title>Recechos de mufl\u00f3n - Manuel Cabezas. Servicios de caza<\/title>\n<meta name=\"robots\" content=\"index, follow, max-snippet:-1, max-image-preview:large, max-video-preview:-1\" \/>\n<link rel=\"canonical\" href=\"https:\/\/www.cabezasservicaza.com\/cb\/recechos-de-muflon\/\" \/>\n<meta property=\"og:locale\" content=\"es_ES\" \/>\n<meta property=\"og:type\" content=\"article\" \/>\n<meta property=\"og:title\" content=\"Recechos de mufl\u00f3n - Manuel Cabezas. Servicios de caza\" \/>\n<meta property=\"og:description\" content=\"Disponemos desde trofeos representativos hasta grandes trofeos de 90-100 cm. Os ofrecemos la posibilidad de poder cazar en cualquiera de nuestras fincas, en Ciudad Real, Toledo, Huesca, C\u00f3rdoba, Badajoz, etc.\u2026. Dependiendo de la \u00e9poca o trofeos, podemos cazar en una y otra finca. Por lo que disponemos de un gran\u2026 Leer m\u00e1s\" \/>\n<meta property=\"og:url\" content=\"https:\/\/www.cabezasservicaza.com\/cb\/recechos-de-muflon\/\" \/>\n<meta property=\"og:site_name\" content=\"Manuel Cabezas. Servicios de caza\" \/>\n<meta property=\"article:publisher\" content=\"https:\/\/www.facebook.com\/pages\/Cabezas-Servicios-de-Caza\/535853066585857\" \/>\n<meta property=\"article:modified_time\" content=\"2017-11-16T17:36:46+00:00\" \/>\n<meta property=\"og:image\" content=\"http:\/\/www.cabezasservicaza.com\/cb\/wp-content\/uploads\/muflon-1.jpg\" \/>\n<meta name=\"twitter:card\" content=\"summary_large_image\" \/>\n<script type=\"application\/ld+json\" class=\"yoast-schema-graph\">{\"@context\":\"https:\/\/schema.org\",\"@graph\":[{\"@type\":\"WebPage\",\"@id\":\"https:\/\/www.cabezasservicaza.com\/cb\/recechos-de-muflon\/\",\"url\":\"https:\/\/www.cabezasservicaza.com\/cb\/recechos-de-muflon\/\",\"name\":\"Recechos de mufl\u00f3n - Manuel Cabezas. Servicios de caza\",\"isPartOf\":{\"@id\":\"https:\/\/www.cabezasservicaza.com\/cb\/#website\"},\"primaryImageOfPage\":{\"@id\":\"https:\/\/www.cabezasservicaza.com\/cb\/recechos-de-muflon\/#primaryimage\"},\"image\":{\"@id\":\"https:\/\/www.cabezasservicaza.com\/cb\/recechos-de-muflon\/#primaryimage\"},\"thumbnailUrl\":\"http:\/\/www.cabezasservicaza.com\/cb\/wp-content\/uploads\/muflon-1.jpg\",\"datePublished\":\"2017-11-16T17:14:48+00:00\",\"dateModified\":\"2017-11-16T17:36:46+00:00\",\"breadcrumb\":{\"@id\":\"https:\/\/www.cabezasservicaza.com\/cb\/recechos-de-muflon\/#breadcrumb\"},\"inLanguage\":\"es\",\"potentialAction\":[{\"@type\":\"ReadAction\",\"target\":[\"https:\/\/www.cabezasservicaza.com\/cb\/recechos-de-muflon\/\"]}]},{\"@type\":\"ImageObject\",\"inLanguage\":\"es\",\"@id\":\"https:\/\/www.cabezasservicaza.com\/cb\/recechos-de-muflon\/#primaryimage\",\"url\":\"http:\/\/www.cabezasservicaza.com\/cb\/wp-content\/uploads\/muflon-1.jpg\",\"contentUrl\":\"http:\/\/www.cabezasservicaza.com\/cb\/wp-content\/uploads\/muflon-1.jpg\"},{\"@type\":\"BreadcrumbList\",\"@id\":\"https:\/\/www.cabezasservicaza.com\/cb\/recechos-de-muflon\/#breadcrumb\",\"itemListElement\":[{\"@type\":\"ListItem\",\"position\":1,\"name\":\"Portada\",\"item\":\"https:\/\/www.cabezasservicaza.com\/cb\/\"},{\"@type\":\"ListItem\",\"position\":2,\"name\":\"Recechos de mufl\u00f3n\"}]},{\"@type\":\"WebSite\",\"@id\":\"https:\/\/www.cabezasservicaza.com\/cb\/#website\",\"url\":\"https:\/\/www.cabezasservicaza.com\/cb\/\",\"name\":\"Manuel Cabezas. Servicios de caza\",\"description\":\"Caza, monter\u00edas, cacer\u00edas y recechos.\",\"publisher\":{\"@id\":\"https:\/\/www.cabezasservicaza.com\/cb\/#organization\"},\"potentialAction\":[{\"@type\":\"SearchAction\",\"target\":{\"@type\":\"EntryPoint\",\"urlTemplate\":\"https:\/\/www.cabezasservicaza.com\/cb\/?s={search_term_string}\"},\"query-input\":{\"@type\":\"PropertyValueSpecification\",\"valueRequired\":true,\"valueName\":\"search_term_string\"}}],\"inLanguage\":\"es\"},{\"@type\":\"Organization\",\"@id\":\"https:\/\/www.cabezasservicaza.com\/cb\/#organization\",\"name\":\"Cabezas Servicaza\",\"url\":\"https:\/\/www.cabezasservicaza.com\/cb\/\",\"logo\":{\"@type\":\"ImageObject\",\"inLanguage\":\"es\",\"@id\":\"https:\/\/www.cabezasservicaza.com\/cb\/#\/schema\/logo\/image\/\",\"url\":\"https:\/\/www.cabezasservicaza.com\/cb\/wp-content\/uploads\/logo.png\",\"contentUrl\":\"https:\/\/www.cabezasservicaza.com\/cb\/wp-content\/uploads\/logo.png\",\"width\":250,\"height\":250,\"caption\":\"Cabezas Servicaza\"},\"image\":{\"@id\":\"https:\/\/www.cabezasservicaza.com\/cb\/#\/schema\/logo\/image\/\"},\"sameAs\":[\"https:\/\/www.facebook.com\/pages\/Cabezas-Servicios-de-Caza\/535853066585857\",\"https:\/\/www.youtube.com\/channel\/UCeMMd83seMij4ezcfTvANEQ\"]}]}<\/script>\n<!-- \/ Yoast SEO plugin. -->","yoast_head_json":{"title":"Recechos de mufl\u00f3n - Manuel Cabezas. Servicios de caza","robots":{"index":"index","follow":"follow","max-snippet":"max-snippet:-1","max-image-preview":"max-image-preview:large","max-video-preview":"max-video-preview:-1"},"canonical":"https:\/\/www.cabezasservicaza.com\/cb\/recechos-de-muflon\/","og_locale":"es_ES","og_type":"article","og_title":"Recechos de mufl\u00f3n - Manuel Cabezas. Servicios de caza","og_description":"Disponemos desde trofeos representativos hasta grandes trofeos de 90-100 cm. Os ofrecemos la posibilidad de poder cazar en cualquiera de nuestras fincas, en Ciudad Real, Toledo, Huesca, C\u00f3rdoba, Badajoz, etc.\u2026. Dependiendo de la \u00e9poca o trofeos, podemos cazar en una y otra finca. Por lo que disponemos de un gran\u2026 Leer m\u00e1s","og_url":"https:\/\/www.cabezasservicaza.com\/cb\/recechos-de-muflon\/","og_site_name":"Manuel Cabezas. Servicios de caza","article_publisher":"https:\/\/www.facebook.com\/pages\/Cabezas-Servicios-de-Caza\/535853066585857","article_modified_time":"2017-11-16T17:36:46+00:00","og_image":[{"url":"http:\/\/www.cabezasservicaza.com\/cb\/wp-content\/uploads\/muflon-1.jpg"}],"twitter_card":"summary_large_image","schema":{"@context":"https:\/\/schema.org","@graph":[{"@type":"WebPage","@id":"https:\/\/www.cabezasservicaza.com\/cb\/recechos-de-muflon\/","url":"https:\/\/www.cabezasservicaza.com\/cb\/recechos-de-muflon\/","name":"Recechos de mufl\u00f3n - Manuel Cabezas. Servicios de caza","isPartOf":{"@id":"https:\/\/www.cabezasservicaza.com\/cb\/#website"},"primaryImageOfPage":{"@id":"https:\/\/www.cabezasservicaza.com\/cb\/recechos-de-muflon\/#primaryimage"},"image":{"@id":"https:\/\/www.cabezasservicaza.com\/cb\/recechos-de-muflon\/#primaryimage"},"thumbnailUrl":"http:\/\/www.cabezasservicaza.com\/cb\/wp-content\/uploads\/muflon-1.jpg","datePublished":"2017-11-16T17:14:48+00:00","dateModified":"2017-11-16T17:36:46+00:00","breadcrumb":{"@id":"https:\/\/www.cabezasservicaza.com\/cb\/recechos-de-muflon\/#breadcrumb"},"inLanguage":"es","potentialAction":[{"@type":"ReadAction","target":["https:\/\/www.cabezasservicaza.com\/cb\/recechos-de-muflon\/"]}]},{"@type":"ImageObject","inLanguage":"es","@id":"https:\/\/www.cabezasservicaza.com\/cb\/recechos-de-muflon\/#primaryimage","url":"http:\/\/www.cabezasservicaza.com\/cb\/wp-content\/uploads\/muflon-1.jpg","contentUrl":"http:\/\/www.cabezasservicaza.com\/cb\/wp-content\/uploads\/muflon-1.jpg"},{"@type":"BreadcrumbList","@id":"https:\/\/www.cabezasservicaza.com\/cb\/recechos-de-muflon\/#breadcrumb","itemListElement":[{"@type":"ListItem","position":1,"name":"Portada","item":"https:\/\/www.cabezasservicaza.com\/cb\/"},{"@type":"ListItem","position":2,"name":"Recechos de mufl\u00f3n"}]},{"@type":"WebSite","@id":"https:\/\/www.cabezasservicaza.com\/cb\/#website","url":"https:\/\/www.cabezasservicaza.com\/cb\/","name":"Manuel Cabezas. Servicios de caza","description":"Caza, monter\u00edas, cacer\u00edas y recechos.","publisher":{"@id":"https:\/\/www.cabezasservicaza.com\/cb\/#organization"},"potentialAction":[{"@type":"SearchAction","target":{"@type":"EntryPoint","urlTemplate":"https:\/\/www.cabezasservicaza.com\/cb\/?s={search_term_string}"},"query-input":{"@type":"PropertyValueSpecification","valueRequired":true,"valueName":"search_term_string"}}],"inLanguage":"es"},{"@type":"Organization","@id":"https:\/\/www.cabezasservicaza.com\/cb\/#organization","name":"Cabezas Servicaza","url":"https:\/\/www.cabezasservicaza.com\/cb\/","logo":{"@type":"ImageObject","inLanguage":"es","@id":"https:\/\/www.cabezasservicaza.com\/cb\/#\/schema\/logo\/image\/","url":"https:\/\/www.cabezasservicaza.com\/cb\/wp-content\/uploads\/logo.png","contentUrl":"https:\/\/www.cabezasservicaza.com\/cb\/wp-content\/uploads\/logo.png","width":250,"height":250,"caption":"Cabezas Servicaza"},"image":{"@id":"https:\/\/www.cabezasservicaza.com\/cb\/#\/schema\/logo\/image\/"},"sameAs":["https:\/\/www.facebook.com\/pages\/Cabezas-Servicios-de-Caza\/535853066585857","https:\/\/www.youtube.com\/channel\/UCeMMd83seMij4ezcfTvANEQ"]}]}},"_links":{"self":[{"href":"https:\/\/www.cabezasservicaza.com\/cb\/wp-json\/wp\/v2\/pages\/750","targetHints":{"allow":["GET"]}}],"collection":[{"href":"https:\/\/www.cabezasservicaza.com\/cb\/wp-json\/wp\/v2\/pages"}],"about":[{"href":"https:\/\/www.cabezasservicaza.com\/cb\/wp-json\/wp\/v2\/types\/page"}],"author":[{"embeddable":true,"href":"https:\/\/www.cabezasservicaza.com\/cb\/wp-json\/wp\/v2\/users\/1"}],"replies":[{"embeddable":true,"href":"https:\/\/www.cabezasservicaza.com\/cb\/wp-json\/wp\/v2\/comments?post=750"}],"version-history":[{"count":9,"href":"https:\/\/www.cabezasservicaza.com\/cb\/wp-json\/wp\/v2\/pages\/750\/revisions"}],"predecessor-version":[{"id":769,"href":"https:\/\/www.cabezasservicaza.com\/cb\/wp-json\/wp\/v2\/pages\/750\/revisions\/769"}],"wp:attachment":[{"href":"https:\/\/www.cabezasservicaza.com\/cb\/wp-json\/wp\/v2\/media?parent=750"}],"curies":[{"name":"wp","href":"https:\/\/api.w.org\/{rel}","templated":true}]}}