{"id":664,"date":"2017-11-14T18:35:36","date_gmt":"2017-11-14T17:35:36","guid":{"rendered":"http:\/\/www.cabezasservicaza.com\/cb\/?page_id=664"},"modified":"2019-08-22T13:27:18","modified_gmt":"2019-08-22T11:27:18","slug":"recechos-de-rebeco","status":"publish","type":"page","link":"https:\/\/www.cabezasservicaza.com\/cb\/recechos-de-rebeco\/","title":{"rendered":"Recechos de rebeco"},"content":{"rendered":"<div id=\"pl-gb664-69f3fafecca21\"  class=\"panel-layout\" ><div id=\"pg-gb664-69f3fafecca21-0\"  class=\"panel-grid panel-no-style\" ><div id=\"pgc-gb664-69f3fafecca21-0-0\"  class=\"panel-grid-cell\" ><div id=\"panel-gb664-69f3fafecca21-0-0-0\" class=\"so-panel widget widget_sow-image panel-first-child panel-last-child\" data-index=\"0\" ><div\n\t\t\t\n\t\t\tclass=\"so-widget-sow-image so-widget-sow-image-default-a258e6bfa2d8-664\"\n\t\t\t\n\t\t>\n<div class=\"sow-image-container\">\n\t\t<img \n\tsrc=\"https:\/\/www.cabezasservicaza.com\/cb\/wp-content\/uploads\/1recechos.jpg\" width=\"1600\" height=\"1200\" srcset=\"https:\/\/www.cabezasservicaza.com\/cb\/wp-content\/uploads\/1recechos.jpg 1600w, https:\/\/www.cabezasservicaza.com\/cb\/wp-content\/uploads\/1recechos-768x576.jpg 768w, https:\/\/www.cabezasservicaza.com\/cb\/wp-content\/uploads\/1recechos-467x350.jpg 467w, https:\/\/www.cabezasservicaza.com\/cb\/wp-content\/uploads\/1recechos-150x113.jpg 150w\" sizes=\"(max-width: 1600px) 100vw, 1600px\" title=\"Recechos de rebeco\" alt=\"\" \t\tclass=\"so-widget-image\"\/>\n\t<\/div>\n\n<\/div><\/div><\/div><\/div><div id=\"pg-gb664-69f3fafecca21-1\"  class=\"panel-grid panel-no-style\" ><div id=\"pgc-gb664-69f3fafecca21-1-0\"  class=\"panel-grid-cell\" ><div id=\"panel-gb664-69f3fafecca21-1-0-0\" class=\"so-panel widget widget_sow-image panel-first-child panel-last-child\" data-index=\"1\" ><div\n\t\t\t\n\t\t\tclass=\"so-widget-sow-image so-widget-sow-image-default-a258e6bfa2d8-664\"\n\t\t\t\n\t\t>\n<div class=\"sow-image-container\">\n\t\t<img \n\tsrc=\"https:\/\/www.cabezasservicaza.com\/cb\/wp-content\/uploads\/7recechos.jpg\" width=\"2738\" height=\"3651\" srcset=\"https:\/\/www.cabezasservicaza.com\/cb\/wp-content\/uploads\/7recechos.jpg 2738w, https:\/\/www.cabezasservicaza.com\/cb\/wp-content\/uploads\/7recechos-768x1024.jpg 768w, https:\/\/www.cabezasservicaza.com\/cb\/wp-content\/uploads\/7recechos-262x350.jpg 262w, https:\/\/www.cabezasservicaza.com\/cb\/wp-content\/uploads\/7recechos-112x150.jpg 112w\" sizes=\"(max-width: 2738px) 100vw, 2738px\" title=\"Recechos de rebeco\" alt=\"\" \t\tclass=\"so-widget-image\"\/>\n\t<\/div>\n\n<\/div><\/div><\/div><div id=\"pgc-gb664-69f3fafecca21-1-1\"  class=\"panel-grid-cell\" ><div id=\"panel-gb664-69f3fafecca21-1-1-0\" class=\"so-panel widget widget_text panel-first-child panel-last-child\" data-index=\"2\" >\t\t\t<div class=\"textwidget\"><p lang=\"ES-ES\" xml:lang=\"ES-ES\"><strong>REBECOS EN LOS PIRINEOS<\/strong><\/p>\n<p lang=\"ES-ES\" style=\"text-align: justify;\" xml:lang=\"ES-ES\">Con seguridad una de las cacer\u00edas mas bonitas que un cazador puede practicar y si esto le permite el poder realizar en uno de los lugares mas bellos de nuestra geograf\u00eda, ni qu\u00e9 decir tiene de todo el cazador debe de conocer y cazar alguna vez en la vida.<\/p>\n<p style=\"text-align: justify;\">Todos los a\u00f1os disponemos de un n\u00famero limitado de Rebecos en una de las reservas nacionales de caza, mas importantes y bellas de la pen\u00ednsula.<\/p>\n<p style=\"text-align: justify;\">La caza la solemos se realiza en los meses de octubre y noviembre.<\/p>\n<p style=\"text-align: justify;\">Te ofrecemos la posibilidad de poder recibir desde un representante a un buen trofeo.<\/p>\n<p><strong><em>Precio Rebeco representativo;\u00a01.600 \u20ac<\/em><\/strong><br \/>\n<em>Precio Rebeco Trofeo: Consultar.<\/em><\/p>\n<\/div>\n\t\t<\/div><\/div><\/div><div id=\"pg-gb664-69f3fafecca21-2\"  class=\"panel-grid panel-no-style\" ><div id=\"pgc-gb664-69f3fafecca21-2-0\"  class=\"panel-grid-cell\" ><div id=\"panel-gb664-69f3fafecca21-2-0-0\" class=\"so-panel widget widget_text panel-first-child panel-last-child\" data-index=\"3\" >\t\t\t<div class=\"textwidget\"><p><strong>Si est\u00e1 interesado, disponemos de muy pocos animales y la fecha para realizar la reserva de esta cacer\u00eda es el d\u00eda 12 de marzo.<\/strong><\/p>\n<p><strong><em>Para m\u00e1s informaci\u00f3n, quedo a tu disposici\u00f3n.\u00a0<\/em><\/strong><br \/>\n<strong><em>Manuel Cabezas.<\/em><\/strong><\/p>\n<\/div>\n\t\t<\/div><\/div><\/div><div id=\"pg-gb664-69f3fafecca21-3\"  class=\"panel-grid panel-no-style\" ><div id=\"pgc-gb664-69f3fafecca21-3-0\"  class=\"panel-grid-cell\" ><div id=\"panel-gb664-69f3fafecca21-3-0-0\" class=\"so-panel widget widget_sow-image panel-first-child panel-last-child\" data-index=\"4\" ><div\n\t\t\t\n\t\t\tclass=\"so-widget-sow-image so-widget-sow-image-default-a258e6bfa2d8-664\"\n\t\t\t\n\t\t>\n<div class=\"sow-image-container\">\n\t\t<img \n\tsrc=\"https:\/\/www.cabezasservicaza.com\/cb\/wp-content\/uploads\/2recechos.jpg\" width=\"3651\" height=\"4868\" srcset=\"https:\/\/www.cabezasservicaza.com\/cb\/wp-content\/uploads\/2recechos.jpg 3651w, https:\/\/www.cabezasservicaza.com\/cb\/wp-content\/uploads\/2recechos-768x1024.jpg 768w, https:\/\/www.cabezasservicaza.com\/cb\/wp-content\/uploads\/2recechos-263x350.jpg 263w, https:\/\/www.cabezasservicaza.com\/cb\/wp-content\/uploads\/2recechos-113x150.jpg 113w\" sizes=\"(max-width: 3651px) 100vw, 3651px\" title=\"Recechos de rebeco\" alt=\"\" \t\tclass=\"so-widget-image\"\/>\n\t<\/div>\n\n<\/div><\/div><\/div><div id=\"pgc-gb664-69f3fafecca21-3-1\"  class=\"panel-grid-cell\" ><div id=\"panel-gb664-69f3fafecca21-3-1-0\" class=\"so-panel widget widget_sow-image panel-first-child panel-last-child\" data-index=\"5\" ><div\n\t\t\t\n\t\t\tclass=\"so-widget-sow-image so-widget-sow-image-default-a258e6bfa2d8-664\"\n\t\t\t\n\t\t>\n<div class=\"sow-image-container\">\n\t\t<img \n\tsrc=\"https:\/\/www.cabezasservicaza.com\/cb\/wp-content\/uploads\/3recechos.jpg\" width=\"3651\" height=\"4868\" srcset=\"https:\/\/www.cabezasservicaza.com\/cb\/wp-content\/uploads\/3recechos.jpg 3651w, https:\/\/www.cabezasservicaza.com\/cb\/wp-content\/uploads\/3recechos-768x1024.jpg 768w, https:\/\/www.cabezasservicaza.com\/cb\/wp-content\/uploads\/3recechos-263x350.jpg 263w, https:\/\/www.cabezasservicaza.com\/cb\/wp-content\/uploads\/3recechos-113x150.jpg 113w\" sizes=\"(max-width: 3651px) 100vw, 3651px\" title=\"Recechos de rebeco\" alt=\"\" \t\tclass=\"so-widget-image\"\/>\n\t<\/div>\n\n<\/div><\/div><\/div><\/div><div id=\"pg-gb664-69f3fafecca21-4\"  class=\"panel-grid panel-no-style\" ><div id=\"pgc-gb664-69f3fafecca21-4-0\"  class=\"panel-grid-cell\" ><div id=\"panel-gb664-69f3fafecca21-4-0-0\" class=\"so-panel widget widget_sow-image panel-first-child panel-last-child\" data-index=\"6\" ><div\n\t\t\t\n\t\t\tclass=\"so-widget-sow-image so-widget-sow-image-default-a258e6bfa2d8-664\"\n\t\t\t\n\t\t>\n<div class=\"sow-image-container\">\n\t\t<img \n\tsrc=\"https:\/\/www.cabezasservicaza.com\/cb\/wp-content\/uploads\/4recechos.jpg\" width=\"1600\" height=\"1200\" srcset=\"https:\/\/www.cabezasservicaza.com\/cb\/wp-content\/uploads\/4recechos.jpg 1600w, https:\/\/www.cabezasservicaza.com\/cb\/wp-content\/uploads\/4recechos-768x576.jpg 768w, https:\/\/www.cabezasservicaza.com\/cb\/wp-content\/uploads\/4recechos-467x350.jpg 467w, https:\/\/www.cabezasservicaza.com\/cb\/wp-content\/uploads\/4recechos-150x113.jpg 150w\" sizes=\"(max-width: 1600px) 100vw, 1600px\" title=\"Recechos de rebeco\" alt=\"\" \t\tclass=\"so-widget-image\"\/>\n\t<\/div>\n\n<\/div><\/div><\/div><div id=\"pgc-gb664-69f3fafecca21-4-1\"  class=\"panel-grid-cell\" ><div id=\"panel-gb664-69f3fafecca21-4-1-0\" class=\"so-panel widget widget_sow-image panel-first-child panel-last-child\" data-index=\"7\" ><div\n\t\t\t\n\t\t\tclass=\"so-widget-sow-image so-widget-sow-image-default-a258e6bfa2d8-664\"\n\t\t\t\n\t\t>\n<div class=\"sow-image-container\">\n\t\t<img \n\tsrc=\"https:\/\/www.cabezasservicaza.com\/cb\/wp-content\/uploads\/5recechos.jpg\" width=\"1600\" height=\"1200\" srcset=\"https:\/\/www.cabezasservicaza.com\/cb\/wp-content\/uploads\/5recechos.jpg 1600w, https:\/\/www.cabezasservicaza.com\/cb\/wp-content\/uploads\/5recechos-768x576.jpg 768w, https:\/\/www.cabezasservicaza.com\/cb\/wp-content\/uploads\/5recechos-467x350.jpg 467w, https:\/\/www.cabezasservicaza.com\/cb\/wp-content\/uploads\/5recechos-150x113.jpg 150w\" sizes=\"(max-width: 1600px) 100vw, 1600px\" title=\"Recechos de rebeco\" alt=\"\" \t\tclass=\"so-widget-image\"\/>\n\t<\/div>\n\n<\/div><\/div><\/div><\/div><div id=\"pg-gb664-69f3fafecca21-5\"  class=\"panel-grid panel-no-style\" ><div id=\"pgc-gb664-69f3fafecca21-5-0\"  class=\"panel-grid-cell\" ><div id=\"panel-gb664-69f3fafecca21-5-0-0\" class=\"so-panel widget widget_sow-image panel-first-child panel-last-child\" data-index=\"8\" ><div\n\t\t\t\n\t\t\tclass=\"so-widget-sow-image so-widget-sow-image-default-a258e6bfa2d8-664\"\n\t\t\t\n\t\t>\n<div class=\"sow-image-container\">\n\t\t<img \n\tsrc=\"https:\/\/www.cabezasservicaza.com\/cb\/wp-content\/uploads\/6recechos.jpg\" width=\"1600\" height=\"777\" srcset=\"https:\/\/www.cabezasservicaza.com\/cb\/wp-content\/uploads\/6recechos.jpg 1600w, https:\/\/www.cabezasservicaza.com\/cb\/wp-content\/uploads\/6recechos-768x373.jpg 768w, https:\/\/www.cabezasservicaza.com\/cb\/wp-content\/uploads\/6recechos-721x350.jpg 721w, https:\/\/www.cabezasservicaza.com\/cb\/wp-content\/uploads\/6recechos-150x73.jpg 150w\" sizes=\"(max-width: 1600px) 100vw, 1600px\" title=\"Recechos de rebeco\" alt=\"\" \t\tclass=\"so-widget-image\"\/>\n\t<\/div>\n\n<\/div><\/div><\/div><\/div><div id=\"pg-gb664-69f3fafecca21-6\"  class=\"panel-grid panel-no-style\" ><div id=\"pgc-gb664-69f3fafecca21-6-0\"  class=\"panel-grid-cell\" ><div id=\"panel-gb664-69f3fafecca21-6-0-0\" class=\"so-panel widget widget_sow-image panel-first-child panel-last-child\" data-index=\"9\" ><div\n\t\t\t\n\t\t\tclass=\"so-widget-sow-image so-widget-sow-image-default-a258e6bfa2d8-664\"\n\t\t\t\n\t\t>\n<div class=\"sow-image-container\">\n\t\t<img \n\tsrc=\"https:\/\/www.cabezasservicaza.com\/cb\/wp-content\/uploads\/8recechos.jpg\" width=\"2738\" height=\"2738\" srcset=\"https:\/\/www.cabezasservicaza.com\/cb\/wp-content\/uploads\/8recechos.jpg 2738w, https:\/\/www.cabezasservicaza.com\/cb\/wp-content\/uploads\/8recechos-768x768.jpg 768w, https:\/\/www.cabezasservicaza.com\/cb\/wp-content\/uploads\/8recechos-350x350.jpg 350w, https:\/\/www.cabezasservicaza.com\/cb\/wp-content\/uploads\/8recechos-150x150.jpg 150w\" sizes=\"(max-width: 2738px) 100vw, 2738px\" title=\"Recechos de rebeco\" alt=\"\" \t\tclass=\"so-widget-image\"\/>\n\t<\/div>\n\n<\/div><\/div><\/div><div id=\"pgc-gb664-69f3fafecca21-6-1\"  class=\"panel-grid-cell\" ><div id=\"panel-gb664-69f3fafecca21-6-1-0\" class=\"so-panel widget widget_text panel-first-child panel-last-child\" data-index=\"10\" >\t\t\t<div class=\"textwidget\"><div style=\"text-align: justify;\"><strong>Si quiere, puede conocer esta magn\u00edfica reserva de caza, vivir la pureza y la grandeza de cazar en los Pirineos, y\u00a0 tiene la posibilidad de cazar desde un trofeo representativo hasta un gran trofeo. Ahora es su oportunidad.<\/strong><\/div>\n<div>Un saludo ya vuestra disposici\u00f3n.<\/div>\n<p>&nbsp;<\/p>\n<div><img loading=\"lazy\" decoding=\"async\" class=\"alignleft wp-image-20\" src=\"https:\/\/www.cabezasservicaza.com\/cb\/wp-content\/uploads\/logo.png\" alt=\"Cabezas Servicio de Caza\" width=\"99\" height=\"99\" srcset=\"https:\/\/www.cabezasservicaza.com\/cb\/wp-content\/uploads\/logo.png 250w, https:\/\/www.cabezasservicaza.com\/cb\/wp-content\/uploads\/logo-150x150.png 150w\" sizes=\"auto, (max-width: 99px) 100vw, 99px\" \/><\/div>\n<p>Manuel Cabezas Moral.<br \/>\nTel. 653 968 517<\/p>\n<\/div>\n\t\t<\/div><\/div><\/div><\/div>\n\n\n<p><\/p>\n","protected":false},"excerpt":{"rendered":"<p>REBECOS EN LOS PIRINEOS Con seguridad una de las cacer\u00edas mas bonitas que un cazador puede practicar y si esto le permite el poder realizar en uno de los lugares mas bellos de nuestra geograf\u00eda, ni qu\u00e9 decir tiene de todo el cazador debe de conocer y cazar alguna vez\u2026 <a class=\"continue-reading-link\" href=\"https:\/\/www.cabezasservicaza.com\/cb\/recechos-de-rebeco\/\">Leer m\u00e1s<\/a><\/p>\n","protected":false},"author":2,"featured_media":0,"parent":0,"menu_order":0,"comment_status":"closed","ping_status":"closed","template":"","meta":{"footnotes":""},"class_list":["post-664","page","type-page","status-publish","hentry"],"yoast_head":"<!-- This site is optimized with the Yoast SEO plugin v23.7 - https:\/\/yoast.com\/wordpress\/plugins\/seo\/ -->\n<title>Recechos de rebeco - Manuel Cabezas. Servicios de caza<\/title>\n<meta name=\"robots\" content=\"index, follow, max-snippet:-1, max-image-preview:large, max-video-preview:-1\" \/>\n<link rel=\"canonical\" href=\"https:\/\/www.cabezasservicaza.com\/cb\/recechos-de-rebeco\/\" \/>\n<meta property=\"og:locale\" content=\"es_ES\" \/>\n<meta property=\"og:type\" content=\"article\" \/>\n<meta property=\"og:title\" content=\"Recechos de rebeco - Manuel Cabezas. Servicios de caza\" \/>\n<meta property=\"og:description\" content=\"REBECOS EN LOS PIRINEOS Con seguridad una de las cacer\u00edas mas bonitas que un cazador puede practicar y si esto le permite el poder realizar en uno de los lugares mas bellos de nuestra geograf\u00eda, ni qu\u00e9 decir tiene de todo el cazador debe de conocer y cazar alguna vez\u2026 Leer m\u00e1s\" \/>\n<meta property=\"og:url\" content=\"https:\/\/www.cabezasservicaza.com\/cb\/recechos-de-rebeco\/\" \/>\n<meta property=\"og:site_name\" content=\"Manuel Cabezas. Servicios de caza\" \/>\n<meta property=\"article:publisher\" content=\"https:\/\/www.facebook.com\/pages\/Cabezas-Servicios-de-Caza\/535853066585857\" \/>\n<meta property=\"article:modified_time\" content=\"2019-08-22T11:27:18+00:00\" \/>\n<meta name=\"twitter:card\" content=\"summary_large_image\" \/>\n<script type=\"application\/ld+json\" class=\"yoast-schema-graph\">{\"@context\":\"https:\/\/schema.org\",\"@graph\":[{\"@type\":\"WebPage\",\"@id\":\"https:\/\/www.cabezasservicaza.com\/cb\/recechos-de-rebeco\/\",\"url\":\"https:\/\/www.cabezasservicaza.com\/cb\/recechos-de-rebeco\/\",\"name\":\"Recechos de rebeco - Manuel Cabezas. Servicios de caza\",\"isPartOf\":{\"@id\":\"https:\/\/www.cabezasservicaza.com\/cb\/#website\"},\"datePublished\":\"2017-11-14T17:35:36+00:00\",\"dateModified\":\"2019-08-22T11:27:18+00:00\",\"breadcrumb\":{\"@id\":\"https:\/\/www.cabezasservicaza.com\/cb\/recechos-de-rebeco\/#breadcrumb\"},\"inLanguage\":\"es\",\"potentialAction\":[{\"@type\":\"ReadAction\",\"target\":[\"https:\/\/www.cabezasservicaza.com\/cb\/recechos-de-rebeco\/\"]}]},{\"@type\":\"BreadcrumbList\",\"@id\":\"https:\/\/www.cabezasservicaza.com\/cb\/recechos-de-rebeco\/#breadcrumb\",\"itemListElement\":[{\"@type\":\"ListItem\",\"position\":1,\"name\":\"Portada\",\"item\":\"https:\/\/www.cabezasservicaza.com\/cb\/\"},{\"@type\":\"ListItem\",\"position\":2,\"name\":\"Recechos de rebeco\"}]},{\"@type\":\"WebSite\",\"@id\":\"https:\/\/www.cabezasservicaza.com\/cb\/#website\",\"url\":\"https:\/\/www.cabezasservicaza.com\/cb\/\",\"name\":\"Manuel Cabezas. Servicios de caza\",\"description\":\"Caza, monter\u00edas, cacer\u00edas y recechos.\",\"publisher\":{\"@id\":\"https:\/\/www.cabezasservicaza.com\/cb\/#organization\"},\"potentialAction\":[{\"@type\":\"SearchAction\",\"target\":{\"@type\":\"EntryPoint\",\"urlTemplate\":\"https:\/\/www.cabezasservicaza.com\/cb\/?s={search_term_string}\"},\"query-input\":{\"@type\":\"PropertyValueSpecification\",\"valueRequired\":true,\"valueName\":\"search_term_string\"}}],\"inLanguage\":\"es\"},{\"@type\":\"Organization\",\"@id\":\"https:\/\/www.cabezasservicaza.com\/cb\/#organization\",\"name\":\"Cabezas Servicaza\",\"url\":\"https:\/\/www.cabezasservicaza.com\/cb\/\",\"logo\":{\"@type\":\"ImageObject\",\"inLanguage\":\"es\",\"@id\":\"https:\/\/www.cabezasservicaza.com\/cb\/#\/schema\/logo\/image\/\",\"url\":\"https:\/\/www.cabezasservicaza.com\/cb\/wp-content\/uploads\/logo.png\",\"contentUrl\":\"https:\/\/www.cabezasservicaza.com\/cb\/wp-content\/uploads\/logo.png\",\"width\":250,\"height\":250,\"caption\":\"Cabezas Servicaza\"},\"image\":{\"@id\":\"https:\/\/www.cabezasservicaza.com\/cb\/#\/schema\/logo\/image\/\"},\"sameAs\":[\"https:\/\/www.facebook.com\/pages\/Cabezas-Servicios-de-Caza\/535853066585857\",\"https:\/\/www.youtube.com\/channel\/UCeMMd83seMij4ezcfTvANEQ\"]}]}<\/script>\n<!-- \/ Yoast SEO plugin. -->","yoast_head_json":{"title":"Recechos de rebeco - Manuel Cabezas. Servicios de caza","robots":{"index":"index","follow":"follow","max-snippet":"max-snippet:-1","max-image-preview":"max-image-preview:large","max-video-preview":"max-video-preview:-1"},"canonical":"https:\/\/www.cabezasservicaza.com\/cb\/recechos-de-rebeco\/","og_locale":"es_ES","og_type":"article","og_title":"Recechos de rebeco - Manuel Cabezas. Servicios de caza","og_description":"REBECOS EN LOS PIRINEOS Con seguridad una de las cacer\u00edas mas bonitas que un cazador puede practicar y si esto le permite el poder realizar en uno de los lugares mas bellos de nuestra geograf\u00eda, ni qu\u00e9 decir tiene de todo el cazador debe de conocer y cazar alguna vez\u2026 Leer m\u00e1s","og_url":"https:\/\/www.cabezasservicaza.com\/cb\/recechos-de-rebeco\/","og_site_name":"Manuel Cabezas. Servicios de caza","article_publisher":"https:\/\/www.facebook.com\/pages\/Cabezas-Servicios-de-Caza\/535853066585857","article_modified_time":"2019-08-22T11:27:18+00:00","twitter_card":"summary_large_image","schema":{"@context":"https:\/\/schema.org","@graph":[{"@type":"WebPage","@id":"https:\/\/www.cabezasservicaza.com\/cb\/recechos-de-rebeco\/","url":"https:\/\/www.cabezasservicaza.com\/cb\/recechos-de-rebeco\/","name":"Recechos de rebeco - Manuel Cabezas. Servicios de caza","isPartOf":{"@id":"https:\/\/www.cabezasservicaza.com\/cb\/#website"},"datePublished":"2017-11-14T17:35:36+00:00","dateModified":"2019-08-22T11:27:18+00:00","breadcrumb":{"@id":"https:\/\/www.cabezasservicaza.com\/cb\/recechos-de-rebeco\/#breadcrumb"},"inLanguage":"es","potentialAction":[{"@type":"ReadAction","target":["https:\/\/www.cabezasservicaza.com\/cb\/recechos-de-rebeco\/"]}]},{"@type":"BreadcrumbList","@id":"https:\/\/www.cabezasservicaza.com\/cb\/recechos-de-rebeco\/#breadcrumb","itemListElement":[{"@type":"ListItem","position":1,"name":"Portada","item":"https:\/\/www.cabezasservicaza.com\/cb\/"},{"@type":"ListItem","position":2,"name":"Recechos de rebeco"}]},{"@type":"WebSite","@id":"https:\/\/www.cabezasservicaza.com\/cb\/#website","url":"https:\/\/www.cabezasservicaza.com\/cb\/","name":"Manuel Cabezas. Servicios de caza","description":"Caza, monter\u00edas, cacer\u00edas y recechos.","publisher":{"@id":"https:\/\/www.cabezasservicaza.com\/cb\/#organization"},"potentialAction":[{"@type":"SearchAction","target":{"@type":"EntryPoint","urlTemplate":"https:\/\/www.cabezasservicaza.com\/cb\/?s={search_term_string}"},"query-input":{"@type":"PropertyValueSpecification","valueRequired":true,"valueName":"search_term_string"}}],"inLanguage":"es"},{"@type":"Organization","@id":"https:\/\/www.cabezasservicaza.com\/cb\/#organization","name":"Cabezas Servicaza","url":"https:\/\/www.cabezasservicaza.com\/cb\/","logo":{"@type":"ImageObject","inLanguage":"es","@id":"https:\/\/www.cabezasservicaza.com\/cb\/#\/schema\/logo\/image\/","url":"https:\/\/www.cabezasservicaza.com\/cb\/wp-content\/uploads\/logo.png","contentUrl":"https:\/\/www.cabezasservicaza.com\/cb\/wp-content\/uploads\/logo.png","width":250,"height":250,"caption":"Cabezas Servicaza"},"image":{"@id":"https:\/\/www.cabezasservicaza.com\/cb\/#\/schema\/logo\/image\/"},"sameAs":["https:\/\/www.facebook.com\/pages\/Cabezas-Servicios-de-Caza\/535853066585857","https:\/\/www.youtube.com\/channel\/UCeMMd83seMij4ezcfTvANEQ"]}]}},"_links":{"self":[{"href":"https:\/\/www.cabezasservicaza.com\/cb\/wp-json\/wp\/v2\/pages\/664","targetHints":{"allow":["GET"]}}],"collection":[{"href":"https:\/\/www.cabezasservicaza.com\/cb\/wp-json\/wp\/v2\/pages"}],"about":[{"href":"https:\/\/www.cabezasservicaza.com\/cb\/wp-json\/wp\/v2\/types\/page"}],"author":[{"embeddable":true,"href":"https:\/\/www.cabezasservicaza.com\/cb\/wp-json\/wp\/v2\/users\/2"}],"replies":[{"embeddable":true,"href":"https:\/\/www.cabezasservicaza.com\/cb\/wp-json\/wp\/v2\/comments?post=664"}],"version-history":[{"count":37,"href":"https:\/\/www.cabezasservicaza.com\/cb\/wp-json\/wp\/v2\/pages\/664\/revisions"}],"predecessor-version":[{"id":1022,"href":"https:\/\/www.cabezasservicaza.com\/cb\/wp-json\/wp\/v2\/pages\/664\/revisions\/1022"}],"wp:attachment":[{"href":"https:\/\/www.cabezasservicaza.com\/cb\/wp-json\/wp\/v2\/media?parent=664"}],"curies":[{"name":"wp","href":"https:\/\/api.w.org\/{rel}","templated":true}]}}