{"id":307,"date":"2017-11-02T16:55:20","date_gmt":"2017-11-02T15:55:20","guid":{"rendered":"http:\/\/www.cabezasservicaza.com\/cb\/cop-caza-en-sudafrica-cop\/"},"modified":"2017-11-02T18:58:59","modified_gmt":"2017-11-02T17:58:59","slug":"muflones-chequia","status":"publish","type":"page","link":"https:\/\/www.cabezasservicaza.com\/cb\/muflones-chequia\/","title":{"rendered":"Muflones en Rep\u00fablica Checa"},"content":{"rendered":"<div id=\"pl-307\"  class=\"panel-layout\" ><div id=\"pg-307-0\"  class=\"panel-grid panel-no-style\" ><div id=\"pgc-307-0-0\"  class=\"panel-grid-cell\" ><div id=\"panel-307-0-0-0\" class=\"so-panel widget widget_siteorigin-panels-builder panel-first-child panel-last-child\" data-index=\"0\" ><div id=\"pl-w59fb571115eb7\"  class=\"panel-layout\" ><div id=\"pg-w59fb571115eb7-0\"  class=\"panel-grid panel-no-style\" ><div id=\"pgc-w59fb571115eb7-0-0\"  class=\"panel-grid-cell\" ><div id=\"panel-w59fb571115eb7-0-0-0\" class=\"so-panel widget widget_media_image panel-first-child panel-last-child\" data-index=\"0\" ><img loading=\"lazy\" decoding=\"async\" width=\"75\" height=\"59\" src=\"https:\/\/www.cabezasservicaza.com\/cb\/wp-content\/uploads\/Republica_Checa-flag.jpg\" class=\"image wp-image-311  attachment-full size-full\" alt=\"\" style=\"max-width: 100%; height: auto;\" \/><\/div><\/div><div id=\"pgc-w59fb571115eb7-0-1\"  class=\"panel-grid-cell\" ><div id=\"panel-w59fb571115eb7-0-1-0\" class=\"so-panel widget widget_siteorigin-panels-builder panel-first-child panel-last-child\" data-index=\"1\" ><div id=\"pl-w59fb571115f2f\"  class=\"panel-layout\" ><div id=\"pg-w59fb571115f2f-0\"  class=\"panel-grid panel-no-style\" ><div id=\"pgc-w59fb571115f2f-0-0\"  class=\"panel-grid-cell\" ><div id=\"panel-w59fb571115f2f-0-0-0\" class=\"widget_text so-panel widget widget_custom_html panel-first-child panel-last-child\" data-index=\"0\" ><div class=\"textwidget custom-html-widget\">\n<p><strong>Los muflones m\u00e1s grandes del mundo.<\/strong><\/p>\n<p align=\"justify\">Si est\u00e1 pensando en cazar un gran trofeo de mufl\u00f3n, no lo dude, le ofrecemos la posibilidad de poder cazar trofeos de entre 90-100 CM, en la cuna del mufl\u00f3n, como es la Rep\u00fablica Checa, combinando caza y turismo en un fin de semana.<\/p>\n<p align=\"justify\">Consulte nuestros paquetes.<\/p><\/div><\/div><\/div><div id=\"pgc-w59fb571115f2f-0-1\"  class=\"panel-grid-cell\" ><div id=\"panel-w59fb571115f2f-0-1-0\" class=\"widget_text so-panel widget widget_custom_html panel-first-child panel-last-child\" data-index=\"1\" ><div class=\"textwidget custom-html-widget\"><a href=\"..\/wp-content\/uploads\/Muflones_Republica_Checa.jpg\" rel=\"lightbox\"><img decoding=\"async\" src=\"..\/wp-content\/uploads\/Muflones_Republica_Checa254.jpg\" alt=\"\" border=\"0\" \/><\/a>\n\n<\/div><\/div><\/div><\/div><\/div><\/div><\/div><\/div><\/div><\/div><\/div><\/div><div id=\"pg-307-1\"  class=\"panel-grid panel-no-style\" ><div id=\"pgc-307-1-0\"  class=\"panel-grid-cell\" ><div id=\"panel-307-1-0-0\" class=\"so-panel widget widget_sow-image panel-first-child panel-last-child\" data-index=\"1\" ><div\n\t\t\t\n\t\t\tclass=\"so-widget-sow-image so-widget-sow-image-default-8b5b6f678277-307\"\n\t\t\t\n\t\t>\n<div class=\"sow-image-container\">\n\t\t<img \n\tsrc=\"https:\/\/www.cabezasservicaza.com\/cb\/wp-content\/uploads\/Muflones_Republica_Checa2.jpg\" width=\"789\" height=\"425\" srcset=\"https:\/\/www.cabezasservicaza.com\/cb\/wp-content\/uploads\/Muflones_Republica_Checa2.jpg 789w, https:\/\/www.cabezasservicaza.com\/cb\/wp-content\/uploads\/Muflones_Republica_Checa2-768x414.jpg 768w, https:\/\/www.cabezasservicaza.com\/cb\/wp-content\/uploads\/Muflones_Republica_Checa2-650x350.jpg 650w, https:\/\/www.cabezasservicaza.com\/cb\/wp-content\/uploads\/Muflones_Republica_Checa2-150x81.jpg 150w\" sizes=\"(max-width: 789px) 100vw, 789px\" title=\"Muflones en Rep\u00fablica Checa\" alt=\"\" \t\tclass=\"so-widget-image\"\/>\n\t<\/div>\n\n<\/div><\/div><\/div><\/div><\/div>","protected":false},"excerpt":{"rendered":"<p>Los muflones m\u00e1s grandes del mundo. Si est\u00e1 pensando en cazar un gran trofeo de mufl\u00f3n, no lo dude, le ofrecemos la posibilidad de poder cazar trofeos de entre 90-100 CM, en la cuna del mufl\u00f3n, como es la Rep\u00fablica Checa, combinando caza y turismo en un fin de semana.\u2026 <a class=\"continue-reading-link\" href=\"https:\/\/www.cabezasservicaza.com\/cb\/muflones-chequia\/\">Leer m\u00e1s<\/a><\/p>\n","protected":false},"author":1,"featured_media":0,"parent":0,"menu_order":0,"comment_status":"closed","ping_status":"closed","template":"","meta":{"footnotes":""},"class_list":["post-307","page","type-page","status-publish","hentry"],"yoast_head":"<!-- This site is optimized with the Yoast SEO plugin v23.7 - https:\/\/yoast.com\/wordpress\/plugins\/seo\/ -->\n<title>Muflones en Rep\u00fablica Checa - Manuel Cabezas. Servicios de caza<\/title>\n<meta name=\"robots\" content=\"index, follow, max-snippet:-1, max-image-preview:large, max-video-preview:-1\" \/>\n<link rel=\"canonical\" href=\"https:\/\/www.cabezasservicaza.com\/cb\/muflones-chequia\/\" \/>\n<meta property=\"og:locale\" content=\"es_ES\" \/>\n<meta property=\"og:type\" content=\"article\" \/>\n<meta property=\"og:title\" content=\"Muflones en Rep\u00fablica Checa - Manuel Cabezas. Servicios de caza\" \/>\n<meta property=\"og:description\" content=\"Los muflones m\u00e1s grandes del mundo. Si est\u00e1 pensando en cazar un gran trofeo de mufl\u00f3n, no lo dude, le ofrecemos la posibilidad de poder cazar trofeos de entre 90-100 CM, en la cuna del mufl\u00f3n, como es la Rep\u00fablica Checa, combinando caza y turismo en un fin de semana.\u2026 Leer m\u00e1s\" \/>\n<meta property=\"og:url\" content=\"https:\/\/www.cabezasservicaza.com\/cb\/muflones-chequia\/\" \/>\n<meta property=\"og:site_name\" content=\"Manuel Cabezas. Servicios de caza\" \/>\n<meta property=\"article:publisher\" content=\"https:\/\/www.facebook.com\/pages\/Cabezas-Servicios-de-Caza\/535853066585857\" \/>\n<meta property=\"article:modified_time\" content=\"2017-11-02T17:58:59+00:00\" \/>\n<meta property=\"og:image\" content=\"http:\/\/www.cabezasservicaza.com\/cb\/wp-content\/uploads\/Republica_Checa-flag.jpg\" \/>\n<meta name=\"twitter:card\" content=\"summary_large_image\" \/>\n<script type=\"application\/ld+json\" class=\"yoast-schema-graph\">{\"@context\":\"https:\/\/schema.org\",\"@graph\":[{\"@type\":\"WebPage\",\"@id\":\"https:\/\/www.cabezasservicaza.com\/cb\/muflones-chequia\/\",\"url\":\"https:\/\/www.cabezasservicaza.com\/cb\/muflones-chequia\/\",\"name\":\"Muflones en Rep\u00fablica Checa - Manuel Cabezas. Servicios de caza\",\"isPartOf\":{\"@id\":\"https:\/\/www.cabezasservicaza.com\/cb\/#website\"},\"primaryImageOfPage\":{\"@id\":\"https:\/\/www.cabezasservicaza.com\/cb\/muflones-chequia\/#primaryimage\"},\"image\":{\"@id\":\"https:\/\/www.cabezasservicaza.com\/cb\/muflones-chequia\/#primaryimage\"},\"thumbnailUrl\":\"http:\/\/www.cabezasservicaza.com\/cb\/wp-content\/uploads\/Republica_Checa-flag.jpg\",\"datePublished\":\"2017-11-02T15:55:20+00:00\",\"dateModified\":\"2017-11-02T17:58:59+00:00\",\"breadcrumb\":{\"@id\":\"https:\/\/www.cabezasservicaza.com\/cb\/muflones-chequia\/#breadcrumb\"},\"inLanguage\":\"es\",\"potentialAction\":[{\"@type\":\"ReadAction\",\"target\":[\"https:\/\/www.cabezasservicaza.com\/cb\/muflones-chequia\/\"]}]},{\"@type\":\"ImageObject\",\"inLanguage\":\"es\",\"@id\":\"https:\/\/www.cabezasservicaza.com\/cb\/muflones-chequia\/#primaryimage\",\"url\":\"http:\/\/www.cabezasservicaza.com\/cb\/wp-content\/uploads\/Republica_Checa-flag.jpg\",\"contentUrl\":\"http:\/\/www.cabezasservicaza.com\/cb\/wp-content\/uploads\/Republica_Checa-flag.jpg\"},{\"@type\":\"BreadcrumbList\",\"@id\":\"https:\/\/www.cabezasservicaza.com\/cb\/muflones-chequia\/#breadcrumb\",\"itemListElement\":[{\"@type\":\"ListItem\",\"position\":1,\"name\":\"Portada\",\"item\":\"https:\/\/www.cabezasservicaza.com\/cb\/\"},{\"@type\":\"ListItem\",\"position\":2,\"name\":\"Muflones en Rep\u00fablica Checa\"}]},{\"@type\":\"WebSite\",\"@id\":\"https:\/\/www.cabezasservicaza.com\/cb\/#website\",\"url\":\"https:\/\/www.cabezasservicaza.com\/cb\/\",\"name\":\"Manuel Cabezas. Servicios de caza\",\"description\":\"Caza, monter\u00edas, cacer\u00edas y recechos.\",\"publisher\":{\"@id\":\"https:\/\/www.cabezasservicaza.com\/cb\/#organization\"},\"potentialAction\":[{\"@type\":\"SearchAction\",\"target\":{\"@type\":\"EntryPoint\",\"urlTemplate\":\"https:\/\/www.cabezasservicaza.com\/cb\/?s={search_term_string}\"},\"query-input\":{\"@type\":\"PropertyValueSpecification\",\"valueRequired\":true,\"valueName\":\"search_term_string\"}}],\"inLanguage\":\"es\"},{\"@type\":\"Organization\",\"@id\":\"https:\/\/www.cabezasservicaza.com\/cb\/#organization\",\"name\":\"Cabezas Servicaza\",\"url\":\"https:\/\/www.cabezasservicaza.com\/cb\/\",\"logo\":{\"@type\":\"ImageObject\",\"inLanguage\":\"es\",\"@id\":\"https:\/\/www.cabezasservicaza.com\/cb\/#\/schema\/logo\/image\/\",\"url\":\"https:\/\/www.cabezasservicaza.com\/cb\/wp-content\/uploads\/logo.png\",\"contentUrl\":\"https:\/\/www.cabezasservicaza.com\/cb\/wp-content\/uploads\/logo.png\",\"width\":250,\"height\":250,\"caption\":\"Cabezas Servicaza\"},\"image\":{\"@id\":\"https:\/\/www.cabezasservicaza.com\/cb\/#\/schema\/logo\/image\/\"},\"sameAs\":[\"https:\/\/www.facebook.com\/pages\/Cabezas-Servicios-de-Caza\/535853066585857\",\"https:\/\/www.youtube.com\/channel\/UCeMMd83seMij4ezcfTvANEQ\"]}]}<\/script>\n<!-- \/ Yoast SEO plugin. -->","yoast_head_json":{"title":"Muflones en Rep\u00fablica Checa - Manuel Cabezas. Servicios de caza","robots":{"index":"index","follow":"follow","max-snippet":"max-snippet:-1","max-image-preview":"max-image-preview:large","max-video-preview":"max-video-preview:-1"},"canonical":"https:\/\/www.cabezasservicaza.com\/cb\/muflones-chequia\/","og_locale":"es_ES","og_type":"article","og_title":"Muflones en Rep\u00fablica Checa - Manuel Cabezas. Servicios de caza","og_description":"Los muflones m\u00e1s grandes del mundo. Si est\u00e1 pensando en cazar un gran trofeo de mufl\u00f3n, no lo dude, le ofrecemos la posibilidad de poder cazar trofeos de entre 90-100 CM, en la cuna del mufl\u00f3n, como es la Rep\u00fablica Checa, combinando caza y turismo en un fin de semana.\u2026 Leer m\u00e1s","og_url":"https:\/\/www.cabezasservicaza.com\/cb\/muflones-chequia\/","og_site_name":"Manuel Cabezas. Servicios de caza","article_publisher":"https:\/\/www.facebook.com\/pages\/Cabezas-Servicios-de-Caza\/535853066585857","article_modified_time":"2017-11-02T17:58:59+00:00","og_image":[{"url":"http:\/\/www.cabezasservicaza.com\/cb\/wp-content\/uploads\/Republica_Checa-flag.jpg"}],"twitter_card":"summary_large_image","schema":{"@context":"https:\/\/schema.org","@graph":[{"@type":"WebPage","@id":"https:\/\/www.cabezasservicaza.com\/cb\/muflones-chequia\/","url":"https:\/\/www.cabezasservicaza.com\/cb\/muflones-chequia\/","name":"Muflones en Rep\u00fablica Checa - Manuel Cabezas. Servicios de caza","isPartOf":{"@id":"https:\/\/www.cabezasservicaza.com\/cb\/#website"},"primaryImageOfPage":{"@id":"https:\/\/www.cabezasservicaza.com\/cb\/muflones-chequia\/#primaryimage"},"image":{"@id":"https:\/\/www.cabezasservicaza.com\/cb\/muflones-chequia\/#primaryimage"},"thumbnailUrl":"http:\/\/www.cabezasservicaza.com\/cb\/wp-content\/uploads\/Republica_Checa-flag.jpg","datePublished":"2017-11-02T15:55:20+00:00","dateModified":"2017-11-02T17:58:59+00:00","breadcrumb":{"@id":"https:\/\/www.cabezasservicaza.com\/cb\/muflones-chequia\/#breadcrumb"},"inLanguage":"es","potentialAction":[{"@type":"ReadAction","target":["https:\/\/www.cabezasservicaza.com\/cb\/muflones-chequia\/"]}]},{"@type":"ImageObject","inLanguage":"es","@id":"https:\/\/www.cabezasservicaza.com\/cb\/muflones-chequia\/#primaryimage","url":"http:\/\/www.cabezasservicaza.com\/cb\/wp-content\/uploads\/Republica_Checa-flag.jpg","contentUrl":"http:\/\/www.cabezasservicaza.com\/cb\/wp-content\/uploads\/Republica_Checa-flag.jpg"},{"@type":"BreadcrumbList","@id":"https:\/\/www.cabezasservicaza.com\/cb\/muflones-chequia\/#breadcrumb","itemListElement":[{"@type":"ListItem","position":1,"name":"Portada","item":"https:\/\/www.cabezasservicaza.com\/cb\/"},{"@type":"ListItem","position":2,"name":"Muflones en Rep\u00fablica Checa"}]},{"@type":"WebSite","@id":"https:\/\/www.cabezasservicaza.com\/cb\/#website","url":"https:\/\/www.cabezasservicaza.com\/cb\/","name":"Manuel Cabezas. Servicios de caza","description":"Caza, monter\u00edas, cacer\u00edas y recechos.","publisher":{"@id":"https:\/\/www.cabezasservicaza.com\/cb\/#organization"},"potentialAction":[{"@type":"SearchAction","target":{"@type":"EntryPoint","urlTemplate":"https:\/\/www.cabezasservicaza.com\/cb\/?s={search_term_string}"},"query-input":{"@type":"PropertyValueSpecification","valueRequired":true,"valueName":"search_term_string"}}],"inLanguage":"es"},{"@type":"Organization","@id":"https:\/\/www.cabezasservicaza.com\/cb\/#organization","name":"Cabezas Servicaza","url":"https:\/\/www.cabezasservicaza.com\/cb\/","logo":{"@type":"ImageObject","inLanguage":"es","@id":"https:\/\/www.cabezasservicaza.com\/cb\/#\/schema\/logo\/image\/","url":"https:\/\/www.cabezasservicaza.com\/cb\/wp-content\/uploads\/logo.png","contentUrl":"https:\/\/www.cabezasservicaza.com\/cb\/wp-content\/uploads\/logo.png","width":250,"height":250,"caption":"Cabezas Servicaza"},"image":{"@id":"https:\/\/www.cabezasservicaza.com\/cb\/#\/schema\/logo\/image\/"},"sameAs":["https:\/\/www.facebook.com\/pages\/Cabezas-Servicios-de-Caza\/535853066585857","https:\/\/www.youtube.com\/channel\/UCeMMd83seMij4ezcfTvANEQ"]}]}},"_links":{"self":[{"href":"https:\/\/www.cabezasservicaza.com\/cb\/wp-json\/wp\/v2\/pages\/307","targetHints":{"allow":["GET"]}}],"collection":[{"href":"https:\/\/www.cabezasservicaza.com\/cb\/wp-json\/wp\/v2\/pages"}],"about":[{"href":"https:\/\/www.cabezasservicaza.com\/cb\/wp-json\/wp\/v2\/types\/page"}],"author":[{"embeddable":true,"href":"https:\/\/www.cabezasservicaza.com\/cb\/wp-json\/wp\/v2\/users\/1"}],"replies":[{"embeddable":true,"href":"https:\/\/www.cabezasservicaza.com\/cb\/wp-json\/wp\/v2\/comments?post=307"}],"version-history":[{"count":27,"href":"https:\/\/www.cabezasservicaza.com\/cb\/wp-json\/wp\/v2\/pages\/307\/revisions"}],"predecessor-version":[{"id":343,"href":"https:\/\/www.cabezasservicaza.com\/cb\/wp-json\/wp\/v2\/pages\/307\/revisions\/343"}],"wp:attachment":[{"href":"https:\/\/www.cabezasservicaza.com\/cb\/wp-json\/wp\/v2\/media?parent=307"}],"curies":[{"name":"wp","href":"https:\/\/api.w.org\/{rel}","templated":true}]}}