{"id":256,"date":"2017-11-02T16:21:11","date_gmt":"2017-11-02T15:21:11","guid":{"rendered":"http:\/\/www.cabezasservicaza.com\/cb\/?p=256"},"modified":"2017-11-13T17:57:11","modified_gmt":"2017-11-13T16:57:11","slug":"presentacion","status":"publish","type":"page","link":"https:\/\/www.cabezasservicaza.com\/cb\/presentacion\/","title":{"rendered":"Presentaci\u00f3n"},"content":{"rendered":"<div id=\"pl-256\"  class=\"panel-layout\" ><div id=\"pg-256-0\"  class=\"panel-grid panel-no-style\" ><div id=\"pgc-256-0-0\"  class=\"panel-grid-cell\" ><div id=\"panel-256-0-0-0\" class=\"so-panel widget widget_sow-image panel-first-child panel-last-child\" data-index=\"0\" ><div\n\t\t\t\n\t\t\tclass=\"so-widget-sow-image so-widget-sow-image-default-c67d20f9f743-256\"\n\t\t\t\n\t\t>\n<div class=\"sow-image-container\">\n\t\t<img \n\tsrc=\"https:\/\/www.cabezasservicaza.com\/cb\/wp-content\/uploads\/foto-presentacion.jpg\" width=\"400\" height=\"490\" srcset=\"https:\/\/www.cabezasservicaza.com\/cb\/wp-content\/uploads\/foto-presentacion.jpg 400w, https:\/\/www.cabezasservicaza.com\/cb\/wp-content\/uploads\/foto-presentacion-286x350.jpg 286w, https:\/\/www.cabezasservicaza.com\/cb\/wp-content\/uploads\/foto-presentacion-122x150.jpg 122w\" sizes=\"(max-width: 400px) 100vw, 400px\" title=\"Cabezas Servicaza\" alt=\"\" \t\tclass=\"so-widget-image\"\/>\n\t<\/div>\n\n<\/div><\/div><\/div><div id=\"pgc-256-0-1\"  class=\"panel-grid-cell\" ><div id=\"panel-256-0-1-0\" class=\"widget_text so-panel widget widget_custom_html panel-first-child panel-last-child\" data-index=\"1\" ><div class=\"textwidget custom-html-widget\"><p align=\"justify\">Bienvenido a mi site. Perm\u00edtame que me presente, soy Manuel Cabezas, cazador profesional apasionado por las monter\u00edas y desde 1999, organizador de cacer\u00edas, recechos, ojeos y viajes internacionales, acompa\u00f1ando a innumerables cazadores.<\/p>\n<p align=\"justify\">Desde esa fecha, tras estar al frente de varias empresas dedicadas y vinculadas a la organizaci\u00f3n de monter\u00edas y cacer\u00edas de prestigio a nivel nacional e internacional, estoy en disposici\u00f3n de ofrecer mis servicios y conocimientos, -tanto a propietarios de fincas, como aquellos cazadores que as\u00ed lo deseen-, en monter\u00edas, recechos de grandes trofeos y caza internacional.<\/p><\/div><\/div><\/div><\/div><div id=\"pg-256-1\"  class=\"panel-grid panel-no-style\" ><div id=\"pgc-256-1-0\"  class=\"panel-grid-cell\" ><\/div><\/div><\/div>","protected":false},"excerpt":{"rendered":"<p>Bienvenido a mi site. Perm\u00edtame que me presente, soy Manuel Cabezas, cazador profesional apasionado por las monter\u00edas y desde 1999, organizador de cacer\u00edas, recechos, ojeos y viajes internacionales, acompa\u00f1ando a innumerables cazadores. Desde esa fecha, tras estar al frente de varias empresas dedicadas y vinculadas a la organizaci\u00f3n de monter\u00edas\u2026 <a class=\"continue-reading-link\" href=\"https:\/\/www.cabezasservicaza.com\/cb\/presentacion\/\">Leer m\u00e1s<\/a><\/p>\n","protected":false},"author":1,"featured_media":0,"parent":0,"menu_order":0,"comment_status":"closed","ping_status":"open","template":"","meta":{"footnotes":""},"class_list":["post-256","page","type-page","status-publish","hentry"],"yoast_head":"<!-- This site is optimized with the Yoast SEO plugin v23.7 - https:\/\/yoast.com\/wordpress\/plugins\/seo\/ -->\n<title>Presentaci\u00f3n - Manuel Cabezas. Servicios de caza<\/title>\n<meta name=\"robots\" content=\"index, follow, max-snippet:-1, max-image-preview:large, max-video-preview:-1\" \/>\n<link rel=\"canonical\" href=\"https:\/\/www.cabezasservicaza.com\/cb\/presentacion\/\" \/>\n<meta property=\"og:locale\" content=\"es_ES\" \/>\n<meta property=\"og:type\" content=\"article\" \/>\n<meta property=\"og:title\" content=\"Presentaci\u00f3n - Manuel Cabezas. Servicios de caza\" \/>\n<meta property=\"og:description\" content=\"Bienvenido a mi site. Perm\u00edtame que me presente, soy Manuel Cabezas, cazador profesional apasionado por las monter\u00edas y desde 1999, organizador de cacer\u00edas, recechos, ojeos y viajes internacionales, acompa\u00f1ando a innumerables cazadores. Desde esa fecha, tras estar al frente de varias empresas dedicadas y vinculadas a la organizaci\u00f3n de monter\u00edas\u2026 Leer m\u00e1s\" \/>\n<meta property=\"og:url\" content=\"https:\/\/www.cabezasservicaza.com\/cb\/presentacion\/\" \/>\n<meta property=\"og:site_name\" content=\"Manuel Cabezas. Servicios de caza\" \/>\n<meta property=\"article:publisher\" content=\"https:\/\/www.facebook.com\/pages\/Cabezas-Servicios-de-Caza\/535853066585857\" \/>\n<meta property=\"article:modified_time\" content=\"2017-11-13T16:57:11+00:00\" \/>\n<meta property=\"og:image\" content=\"http:\/\/www.cabezasservicaza.com\/cb\/wp-content\/uploads\/foto-presentacion.jpg\" \/>\n<meta name=\"twitter:card\" content=\"summary_large_image\" \/>\n<script type=\"application\/ld+json\" class=\"yoast-schema-graph\">{\"@context\":\"https:\/\/schema.org\",\"@graph\":[{\"@type\":\"WebPage\",\"@id\":\"https:\/\/www.cabezasservicaza.com\/cb\/presentacion\/\",\"url\":\"https:\/\/www.cabezasservicaza.com\/cb\/presentacion\/\",\"name\":\"Presentaci\u00f3n - Manuel Cabezas. Servicios de caza\",\"isPartOf\":{\"@id\":\"https:\/\/www.cabezasservicaza.com\/cb\/#website\"},\"primaryImageOfPage\":{\"@id\":\"https:\/\/www.cabezasservicaza.com\/cb\/presentacion\/#primaryimage\"},\"image\":{\"@id\":\"https:\/\/www.cabezasservicaza.com\/cb\/presentacion\/#primaryimage\"},\"thumbnailUrl\":\"http:\/\/www.cabezasservicaza.com\/cb\/wp-content\/uploads\/foto-presentacion.jpg\",\"datePublished\":\"2017-11-02T15:21:11+00:00\",\"dateModified\":\"2017-11-13T16:57:11+00:00\",\"breadcrumb\":{\"@id\":\"https:\/\/www.cabezasservicaza.com\/cb\/presentacion\/#breadcrumb\"},\"inLanguage\":\"es\",\"potentialAction\":[{\"@type\":\"ReadAction\",\"target\":[\"https:\/\/www.cabezasservicaza.com\/cb\/presentacion\/\"]}]},{\"@type\":\"ImageObject\",\"inLanguage\":\"es\",\"@id\":\"https:\/\/www.cabezasservicaza.com\/cb\/presentacion\/#primaryimage\",\"url\":\"http:\/\/www.cabezasservicaza.com\/cb\/wp-content\/uploads\/foto-presentacion.jpg\",\"contentUrl\":\"http:\/\/www.cabezasservicaza.com\/cb\/wp-content\/uploads\/foto-presentacion.jpg\"},{\"@type\":\"BreadcrumbList\",\"@id\":\"https:\/\/www.cabezasservicaza.com\/cb\/presentacion\/#breadcrumb\",\"itemListElement\":[{\"@type\":\"ListItem\",\"position\":1,\"name\":\"Portada\",\"item\":\"https:\/\/www.cabezasservicaza.com\/cb\/\"},{\"@type\":\"ListItem\",\"position\":2,\"name\":\"Presentaci\u00f3n\"}]},{\"@type\":\"WebSite\",\"@id\":\"https:\/\/www.cabezasservicaza.com\/cb\/#website\",\"url\":\"https:\/\/www.cabezasservicaza.com\/cb\/\",\"name\":\"Manuel Cabezas. Servicios de caza\",\"description\":\"Caza, monter\u00edas, cacer\u00edas y recechos.\",\"publisher\":{\"@id\":\"https:\/\/www.cabezasservicaza.com\/cb\/#organization\"},\"potentialAction\":[{\"@type\":\"SearchAction\",\"target\":{\"@type\":\"EntryPoint\",\"urlTemplate\":\"https:\/\/www.cabezasservicaza.com\/cb\/?s={search_term_string}\"},\"query-input\":{\"@type\":\"PropertyValueSpecification\",\"valueRequired\":true,\"valueName\":\"search_term_string\"}}],\"inLanguage\":\"es\"},{\"@type\":\"Organization\",\"@id\":\"https:\/\/www.cabezasservicaza.com\/cb\/#organization\",\"name\":\"Cabezas Servicaza\",\"url\":\"https:\/\/www.cabezasservicaza.com\/cb\/\",\"logo\":{\"@type\":\"ImageObject\",\"inLanguage\":\"es\",\"@id\":\"https:\/\/www.cabezasservicaza.com\/cb\/#\/schema\/logo\/image\/\",\"url\":\"https:\/\/www.cabezasservicaza.com\/cb\/wp-content\/uploads\/logo.png\",\"contentUrl\":\"https:\/\/www.cabezasservicaza.com\/cb\/wp-content\/uploads\/logo.png\",\"width\":250,\"height\":250,\"caption\":\"Cabezas Servicaza\"},\"image\":{\"@id\":\"https:\/\/www.cabezasservicaza.com\/cb\/#\/schema\/logo\/image\/\"},\"sameAs\":[\"https:\/\/www.facebook.com\/pages\/Cabezas-Servicios-de-Caza\/535853066585857\",\"https:\/\/www.youtube.com\/channel\/UCeMMd83seMij4ezcfTvANEQ\"]}]}<\/script>\n<!-- \/ Yoast SEO plugin. -->","yoast_head_json":{"title":"Presentaci\u00f3n - Manuel Cabezas. Servicios de caza","robots":{"index":"index","follow":"follow","max-snippet":"max-snippet:-1","max-image-preview":"max-image-preview:large","max-video-preview":"max-video-preview:-1"},"canonical":"https:\/\/www.cabezasservicaza.com\/cb\/presentacion\/","og_locale":"es_ES","og_type":"article","og_title":"Presentaci\u00f3n - Manuel Cabezas. Servicios de caza","og_description":"Bienvenido a mi site. Perm\u00edtame que me presente, soy Manuel Cabezas, cazador profesional apasionado por las monter\u00edas y desde 1999, organizador de cacer\u00edas, recechos, ojeos y viajes internacionales, acompa\u00f1ando a innumerables cazadores. Desde esa fecha, tras estar al frente de varias empresas dedicadas y vinculadas a la organizaci\u00f3n de monter\u00edas\u2026 Leer m\u00e1s","og_url":"https:\/\/www.cabezasservicaza.com\/cb\/presentacion\/","og_site_name":"Manuel Cabezas. Servicios de caza","article_publisher":"https:\/\/www.facebook.com\/pages\/Cabezas-Servicios-de-Caza\/535853066585857","article_modified_time":"2017-11-13T16:57:11+00:00","og_image":[{"url":"http:\/\/www.cabezasservicaza.com\/cb\/wp-content\/uploads\/foto-presentacion.jpg"}],"twitter_card":"summary_large_image","schema":{"@context":"https:\/\/schema.org","@graph":[{"@type":"WebPage","@id":"https:\/\/www.cabezasservicaza.com\/cb\/presentacion\/","url":"https:\/\/www.cabezasservicaza.com\/cb\/presentacion\/","name":"Presentaci\u00f3n - Manuel Cabezas. Servicios de caza","isPartOf":{"@id":"https:\/\/www.cabezasservicaza.com\/cb\/#website"},"primaryImageOfPage":{"@id":"https:\/\/www.cabezasservicaza.com\/cb\/presentacion\/#primaryimage"},"image":{"@id":"https:\/\/www.cabezasservicaza.com\/cb\/presentacion\/#primaryimage"},"thumbnailUrl":"http:\/\/www.cabezasservicaza.com\/cb\/wp-content\/uploads\/foto-presentacion.jpg","datePublished":"2017-11-02T15:21:11+00:00","dateModified":"2017-11-13T16:57:11+00:00","breadcrumb":{"@id":"https:\/\/www.cabezasservicaza.com\/cb\/presentacion\/#breadcrumb"},"inLanguage":"es","potentialAction":[{"@type":"ReadAction","target":["https:\/\/www.cabezasservicaza.com\/cb\/presentacion\/"]}]},{"@type":"ImageObject","inLanguage":"es","@id":"https:\/\/www.cabezasservicaza.com\/cb\/presentacion\/#primaryimage","url":"http:\/\/www.cabezasservicaza.com\/cb\/wp-content\/uploads\/foto-presentacion.jpg","contentUrl":"http:\/\/www.cabezasservicaza.com\/cb\/wp-content\/uploads\/foto-presentacion.jpg"},{"@type":"BreadcrumbList","@id":"https:\/\/www.cabezasservicaza.com\/cb\/presentacion\/#breadcrumb","itemListElement":[{"@type":"ListItem","position":1,"name":"Portada","item":"https:\/\/www.cabezasservicaza.com\/cb\/"},{"@type":"ListItem","position":2,"name":"Presentaci\u00f3n"}]},{"@type":"WebSite","@id":"https:\/\/www.cabezasservicaza.com\/cb\/#website","url":"https:\/\/www.cabezasservicaza.com\/cb\/","name":"Manuel Cabezas. Servicios de caza","description":"Caza, monter\u00edas, cacer\u00edas y recechos.","publisher":{"@id":"https:\/\/www.cabezasservicaza.com\/cb\/#organization"},"potentialAction":[{"@type":"SearchAction","target":{"@type":"EntryPoint","urlTemplate":"https:\/\/www.cabezasservicaza.com\/cb\/?s={search_term_string}"},"query-input":{"@type":"PropertyValueSpecification","valueRequired":true,"valueName":"search_term_string"}}],"inLanguage":"es"},{"@type":"Organization","@id":"https:\/\/www.cabezasservicaza.com\/cb\/#organization","name":"Cabezas Servicaza","url":"https:\/\/www.cabezasservicaza.com\/cb\/","logo":{"@type":"ImageObject","inLanguage":"es","@id":"https:\/\/www.cabezasservicaza.com\/cb\/#\/schema\/logo\/image\/","url":"https:\/\/www.cabezasservicaza.com\/cb\/wp-content\/uploads\/logo.png","contentUrl":"https:\/\/www.cabezasservicaza.com\/cb\/wp-content\/uploads\/logo.png","width":250,"height":250,"caption":"Cabezas Servicaza"},"image":{"@id":"https:\/\/www.cabezasservicaza.com\/cb\/#\/schema\/logo\/image\/"},"sameAs":["https:\/\/www.facebook.com\/pages\/Cabezas-Servicios-de-Caza\/535853066585857","https:\/\/www.youtube.com\/channel\/UCeMMd83seMij4ezcfTvANEQ"]}]}},"_links":{"self":[{"href":"https:\/\/www.cabezasservicaza.com\/cb\/wp-json\/wp\/v2\/pages\/256","targetHints":{"allow":["GET"]}}],"collection":[{"href":"https:\/\/www.cabezasservicaza.com\/cb\/wp-json\/wp\/v2\/pages"}],"about":[{"href":"https:\/\/www.cabezasservicaza.com\/cb\/wp-json\/wp\/v2\/types\/page"}],"author":[{"embeddable":true,"href":"https:\/\/www.cabezasservicaza.com\/cb\/wp-json\/wp\/v2\/users\/1"}],"replies":[{"embeddable":true,"href":"https:\/\/www.cabezasservicaza.com\/cb\/wp-json\/wp\/v2\/comments?post=256"}],"version-history":[{"count":15,"href":"https:\/\/www.cabezasservicaza.com\/cb\/wp-json\/wp\/v2\/pages\/256\/revisions"}],"predecessor-version":[{"id":532,"href":"https:\/\/www.cabezasservicaza.com\/cb\/wp-json\/wp\/v2\/pages\/256\/revisions\/532"}],"wp:attachment":[{"href":"https:\/\/www.cabezasservicaza.com\/cb\/wp-json\/wp\/v2\/media?parent=256"}],"curies":[{"name":"wp","href":"https:\/\/api.w.org\/{rel}","templated":true}]}}