{"id":208,"date":"2017-09-24T16:18:49","date_gmt":"2017-09-24T14:18:49","guid":{"rendered":"http:\/\/www.cabezasservicaza.com\/cb\/?page_id=208"},"modified":"2017-09-24T16:31:59","modified_gmt":"2017-09-24T14:31:59","slug":"contacto","status":"publish","type":"page","link":"https:\/\/www.cabezasservicaza.com\/cb\/contacto\/","title":{"rendered":"Contacto"},"content":{"rendered":"<p>Para cualquier duda o ampliar informaci\u00f3n, por favor, no dude en ponerse en contacto con nosotros, a trav\u00e9s de <a href=\"M.cabezasmoral@hotmail.com\">correo electr\u00f3nico<\/a> \u00f3 al\u00a0<span class=\"Estilo2\">653 96 85 17<\/span>. Gracias por su atenci\u00f3n.<\/p>\n<script type=\"text\/javascript\">var gform;gform||(document.addEventListener(\"gform_main_scripts_loaded\",function(){gform.scriptsLoaded=!0}),window.addEventListener(\"DOMContentLoaded\",function(){gform.domLoaded=!0}),gform={domLoaded:!1,scriptsLoaded:!1,initializeOnLoaded:function(o){gform.domLoaded&&gform.scriptsLoaded?o():!gform.domLoaded&&gform.scriptsLoaded?window.addEventListener(\"DOMContentLoaded\",o):document.addEventListener(\"gform_main_scripts_loaded\",o)},hooks:{action:{},filter:{}},addAction:function(o,n,r,t){gform.addHook(\"action\",o,n,r,t)},addFilter:function(o,n,r,t){gform.addHook(\"filter\",o,n,r,t)},doAction:function(o){gform.doHook(\"action\",o,arguments)},applyFilters:function(o){return gform.doHook(\"filter\",o,arguments)},removeAction:function(o,n){gform.removeHook(\"action\",o,n)},removeFilter:function(o,n,r){gform.removeHook(\"filter\",o,n,r)},addHook:function(o,n,r,t,i){null==gform.hooks[o][n]&&(gform.hooks[o][n]=[]);var e=gform.hooks[o][n];null==i&&(i=n+\"_\"+e.length),gform.hooks[o][n].push({tag:i,callable:r,priority:t=null==t?10:t})},doHook:function(n,o,r){var t;if(r=Array.prototype.slice.call(r,1),null!=gform.hooks[n][o]&&((o=gform.hooks[n][o]).sort(function(o,n){return o.priority-n.priority}),o.forEach(function(o){\"function\"!=typeof(t=o.callable)&&(t=window[t]),\"action\"==n?t.apply(null,r):r[0]=t.apply(null,r)})),\"filter\"==n)return r[0]},removeHook:function(o,n,t,i){var r;null!=gform.hooks[o][n]&&(r=(r=gform.hooks[o][n]).filter(function(o,n,r){return!!(null!=i&&i!=o.tag||null!=t&&t!=o.priority)}),gform.hooks[o][n]=r)}});<\/script>\n                <div class='gf_browser_gecko gform_wrapper gravity-theme gform-theme--no-framework' data-form-theme='gravity-theme' data-form-index='0' id='gform_wrapper_1' ><div id='gf_1' class='gform_anchor' tabindex='-1'><\/div>\n                        <div class='gform_heading'>\n                            <p class='gform_description'><\/p>\n\t\t\t\t\t\t\t<p class='gform_required_legend'>&quot;<span class=\"gfield_required gfield_required_asterisk\">*<\/span>&quot; se\u00f1ala los campos obligatorios<\/p>\n                        <\/div><form method='post' enctype='multipart\/form-data' target='gform_ajax_frame_1' id='gform_1'  action='\/cb\/wp-json\/wp\/v2\/pages\/208#gf_1' data-formid='1' novalidate> \r\n <input type='hidden' class='gforms-pum' value='{\"closepopup\":false,\"closedelay\":0,\"openpopup\":false,\"openpopup_id\":0}' \/>\n                        <div class='gform-body gform_body'><div id='gform_fields_1' class='gform_fields top_label form_sublabel_below description_below'><fieldset id=\"field_1_1\" class=\"gfield gfield--type-name gfield_contains_required field_sublabel_below gfield--no-description field_description_below gfield_visibility_visible\"  data-js-reload=\"field_1_1\" ><legend class='gfield_label gform-field-label gfield_label_before_complex' >Nombre<span class=\"gfield_required\"><span class=\"gfield_required gfield_required_asterisk\">*<\/span><\/span><\/legend><div class='ginput_complex ginput_container ginput_container--name no_prefix has_first_name no_middle_name has_last_name no_suffix gf_name_has_2 ginput_container_name gform-grid-row' id='input_1_1'>\n                            \n                            <span id='input_1_1_3_container' class='name_first gform-grid-col gform-grid-col--size-auto' >\n                                                    <input type='text' name='input_1.3' id='input_1_1_3' value=''   aria-required='true'     \/>\n                                                    <label for='input_1_1_3' class='gform-field-label gform-field-label--type-sub '>Nombre<\/label>\n                                                <\/span>\n                            \n                            <span id='input_1_1_6_container' class='name_last gform-grid-col gform-grid-col--size-auto' >\n                                                    <input type='text' name='input_1.6' id='input_1_1_6' value=''   aria-required='true'     \/>\n                                                    <label for='input_1_1_6' class='gform-field-label gform-field-label--type-sub '>Apellidos<\/label>\n                                                <\/span>\n                            \n                        <\/div><\/fieldset><fieldset id=\"field_1_3\" class=\"gfield gfield--type-email gfield_contains_required field_sublabel_below gfield--no-description field_description_below gfield_visibility_visible\"  data-js-reload=\"field_1_3\" ><legend class='gfield_label gform-field-label gfield_label_before_complex' >Email<span class=\"gfield_required\"><span class=\"gfield_required gfield_required_asterisk\">*<\/span><\/span><\/legend><div class='ginput_complex ginput_container ginput_container_email gform-grid-row' id='input_1_3_container'>\n                                <span id='input_1_3_1_container' class='ginput_left gform-grid-col gform-grid-col--size-auto'>\n                                    <input class='' type='email' name='input_3' id='input_1_3' value=''    aria-required=\"true\" aria-invalid=\"false\"  \/>\n                                    <label for='input_1_3' class='gform-field-label gform-field-label--type-sub '>Introduce un email<\/label>\n                                <\/span>\n                                <span id='input_1_3_2_container' class='ginput_right gform-grid-col gform-grid-col--size-auto'>\n                                    <input class='' type='email' name='input_3_2' id='input_1_3_2' value=''    aria-required=\"true\" aria-invalid=\"false\"  \/>\n                                    <label for='input_1_3_2' class='gform-field-label gform-field-label--type-sub '>Confirmar email<\/label>\n                                <\/span>\n                                <div class='gf_clear gf_clear_complex'><\/div>\n                            <\/div><\/fieldset><div id=\"field_1_2\" class=\"gfield gfield--type-phone gfield_contains_required field_sublabel_below gfield--no-description field_description_below gfield_visibility_visible\"  data-js-reload=\"field_1_2\" ><label class='gfield_label gform-field-label' for='input_1_2'>Tel\u00e9fono<span class=\"gfield_required\"><span class=\"gfield_required gfield_required_asterisk\">*<\/span><\/span><\/label><div class='ginput_container ginput_container_phone'><input name='input_2' id='input_1_2' type='tel' value='' class='medium'   aria-required=\"true\" aria-invalid=\"false\"   \/><\/div><\/div><div id=\"field_1_4\" class=\"gfield gfield--type-textarea gfield_contains_required field_sublabel_below gfield--no-description field_description_below gfield_visibility_visible\"  data-js-reload=\"field_1_4\" ><label class='gfield_label gform-field-label' for='input_1_4'>Mensaje<span class=\"gfield_required\"><span class=\"gfield_required gfield_required_asterisk\">*<\/span><\/span><\/label><div class='ginput_container ginput_container_textarea'><textarea name='input_4' id='input_1_4' class='textarea medium'     aria-required=\"true\" aria-invalid=\"false\"   rows='10' cols='50'><\/textarea><\/div><\/div><fieldset id=\"field_1_6\" class=\"gfield gfield--type-checkbox gfield--type-choice gfield_contains_required field_sublabel_below gfield--no-description field_description_below gfield_visibility_visible\"  data-js-reload=\"field_1_6\" ><legend class='gfield_label gform-field-label gfield_label_before_complex' >Pol\u00edtica de privacidad<span class=\"gfield_required\"><span class=\"gfield_required gfield_required_asterisk\">*<\/span><\/span><\/legend><div class='ginput_container ginput_container_checkbox'><div class='gfield_checkbox' id='input_1_6'><div class='gchoice gchoice_1_6_1'>\n\t\t\t\t\t\t\t\t<input class='gfield-choice-input' name='input_6.1' type='checkbox'  value='He le\u00eddo y acepto la\u00a0&lt;a href=&quot;http:\/\/www.cabezasservicaza.com\/cb\/aviso.html&quot; title=&quot;Pol\u00edtica de privacidad&quot; target=&quot;_new&quot;&gt;Pol\u00edtica de privacidad&lt;\/a&gt;'  id='choice_1_6_1'   \/>\n\t\t\t\t\t\t\t\t<label for='choice_1_6_1' id='label_1_6_1' class='gform-field-label gform-field-label--type-inline'>He le\u00eddo y acepto la\u00a0<a href=\"http:\/\/www.cabezasservicaza.com\/cb\/aviso.html\" title=\"Pol\u00edtica de privacidad\" target=\"_new\">Pol\u00edtica de privacidad<\/a><\/label>\n\t\t\t\t\t\t\t<\/div><\/div><\/div><\/fieldset><div id=\"field_1_5\" class=\"gfield gfield--type-captcha field_sublabel_below gfield--no-description field_description_below gfield_visibility_visible\"  data-js-reload=\"field_1_5\" ><label class='gfield_label gform-field-label screen-reader-text' for='input_1_5'><\/label><div id='input_1_5' class='ginput_container ginput_recaptcha' data-sitekey='6LetFDsUAAAAAK9rkKqRFZdWdrVPy5ZgRcuEQulb'  data-theme='light' data-tabindex='0'  data-badge=''><\/div><\/div><div id=\"field_1_7\" class=\"gfield gfield--type-honeypot gform_validation_container field_sublabel_below gfield--has-description field_description_below gfield_visibility_visible\"  data-js-reload=\"field_1_7\" ><label class='gfield_label gform-field-label' for='input_1_7'>Comments<\/label><div class='ginput_container'><input name='input_7' id='input_1_7' type='text' value='' autocomplete='new-password'\/><\/div><div class='gfield_description' id='gfield_description_1_7'>Este campo es un campo de validaci\u00f3n y debe quedar sin cambios.<\/div><\/div><\/div><\/div>\n        <div class='gform_footer top_label'> <input type='submit' id='gform_submit_button_1' class='gform_button button' value='Enviar'  onclick='if(window[\"gf_submitting_1\"]){return false;}  if( !jQuery(\"#gform_1\")[0].checkValidity || jQuery(\"#gform_1\")[0].checkValidity()){window[\"gf_submitting_1\"]=true;}  ' onkeypress='if( event.keyCode == 13 ){ if(window[\"gf_submitting_1\"]){return false;} if( !jQuery(\"#gform_1\")[0].checkValidity || jQuery(\"#gform_1\")[0].checkValidity()){window[\"gf_submitting_1\"]=true;}  jQuery(\"#gform_1\").trigger(\"submit\",[true]); }' \/> <input type='hidden' name='gform_ajax' value='form_id=1&amp;title=&amp;description=1&amp;tabindex=0&amp;theme=data-form-theme=&#039;gravity-theme&#039;' \/>\n            <input type='hidden' class='gform_hidden' name='is_submit_1' value='1' \/>\n            <input type='hidden' class='gform_hidden' name='gform_submit' value='1' \/>\n            \n            <input type='hidden' class='gform_hidden' name='gform_unique_id' value='' \/>\n            <input type='hidden' class='gform_hidden' name='state_1' value='WyJbXSIsImI4OGU0M2MwYzRhMDJlMDZjMzYwYmNkNmEzYWIyZjdiIl0=' \/>\n            <input type='hidden' class='gform_hidden' name='gform_target_page_number_1' id='gform_target_page_number_1' value='0' \/>\n            <input type='hidden' class='gform_hidden' name='gform_source_page_number_1' id='gform_source_page_number_1' value='1' \/>\n            <input type='hidden' name='gform_field_values' value='' \/>\n            \n        <\/div>\n                        <\/form>\n                        <\/div>\n\t\t                <iframe style='display:none;width:0px;height:0px;' src='about:blank' name='gform_ajax_frame_1' id='gform_ajax_frame_1' title='Este iframe contiene la l\u00f3gica necesaria para gestionar formularios con ajax activado.'><\/iframe>\n\t\t                <script type=\"text\/javascript\">\n\/* <![CDATA[ *\/\n gform.initializeOnLoaded( function() {gformInitSpinner( 1, 'https:\/\/www.cabezasservicaza.com\/cb\/wp-content\/plugins\/gravityforms\/images\/spinner.svg', true );jQuery('#gform_ajax_frame_1').on('load',function(){var contents = jQuery(this).contents().find('*').html();var is_postback = contents.indexOf('GF_AJAX_POSTBACK') >= 0;if(!is_postback){return;}var form_content = jQuery(this).contents().find('#gform_wrapper_1');var is_confirmation = jQuery(this).contents().find('#gform_confirmation_wrapper_1').length > 0;var is_redirect = contents.indexOf('gformRedirect(){') >= 0;var is_form = form_content.length > 0 && ! is_redirect && ! is_confirmation;var mt = parseInt(jQuery('html').css('margin-top'), 10) + parseInt(jQuery('body').css('margin-top'), 10) + 100;if(is_form){jQuery('#gform_wrapper_1').html(form_content.html());if(form_content.hasClass('gform_validation_error')){jQuery('#gform_wrapper_1').addClass('gform_validation_error');} else {jQuery('#gform_wrapper_1').removeClass('gform_validation_error');}setTimeout( function() { \/* delay the scroll by 50 milliseconds to fix a bug in chrome *\/ jQuery(document).scrollTop(jQuery('#gform_wrapper_1').offset().top - mt); }, 50 );if(window['gformInitDatepicker']) {gformInitDatepicker();}if(window['gformInitPriceFields']) {gformInitPriceFields();}var current_page = jQuery('#gform_source_page_number_1').val();gformInitSpinner( 1, 'https:\/\/www.cabezasservicaza.com\/cb\/wp-content\/plugins\/gravityforms\/images\/spinner.svg', true );jQuery(document).trigger('gform_page_loaded', [1, current_page]);window['gf_submitting_1'] = false;}else if(!is_redirect){var confirmation_content = jQuery(this).contents().find('.GF_AJAX_POSTBACK').html();if(!confirmation_content){confirmation_content = contents;}setTimeout(function(){jQuery('#gform_wrapper_1').replaceWith(confirmation_content);jQuery(document).scrollTop(jQuery('#gf_1').offset().top - mt);jQuery(document).trigger('gform_confirmation_loaded', [1]);window['gf_submitting_1'] = false;wp.a11y.speak(jQuery('#gform_confirmation_message_1').text());}, 50);}else{jQuery('#gform_1').append(contents);if(window['gformRedirect']) {gformRedirect();}}jQuery(document).trigger('gform_post_render', [1, current_page]);gform.utils.trigger({ event: 'gform\/postRender', native: false, data: { formId: 1, currentPage: current_page } });} );} ); \n\/* ]]> *\/\n<\/script>\n\n","protected":false},"excerpt":{"rendered":"<p>Para cualquier duda o ampliar informaci\u00f3n, por favor, no dude en ponerse en contacto con nosotros, a trav\u00e9s de correo electr\u00f3nico \u00f3 al\u00a0653 96 85 17. Gracias por su atenci\u00f3n. <a class=\"continue-reading-link\" href=\"https:\/\/www.cabezasservicaza.com\/cb\/contacto\/\">Leer m\u00e1s<\/a><\/p>\n","protected":false},"author":1,"featured_media":0,"parent":0,"menu_order":0,"comment_status":"closed","ping_status":"closed","template":"","meta":{"footnotes":""},"class_list":["post-208","page","type-page","status-publish","hentry"],"yoast_head":"<!-- This site is optimized with the Yoast SEO plugin v23.7 - https:\/\/yoast.com\/wordpress\/plugins\/seo\/ -->\n<title>Contacto - Manuel Cabezas. Servicios de caza<\/title>\n<meta name=\"robots\" content=\"index, follow, max-snippet:-1, max-image-preview:large, max-video-preview:-1\" \/>\n<link rel=\"canonical\" href=\"https:\/\/www.cabezasservicaza.com\/cb\/contacto\/\" \/>\n<meta property=\"og:locale\" content=\"es_ES\" \/>\n<meta property=\"og:type\" content=\"article\" \/>\n<meta property=\"og:title\" content=\"Contacto - Manuel Cabezas. Servicios de caza\" \/>\n<meta property=\"og:description\" content=\"Para cualquier duda o ampliar informaci\u00f3n, por favor, no dude en ponerse en contacto con nosotros, a trav\u00e9s de correo electr\u00f3nico \u00f3 al\u00a0653 96 85 17. Gracias por su atenci\u00f3n. Leer m\u00e1s\" \/>\n<meta property=\"og:url\" content=\"https:\/\/www.cabezasservicaza.com\/cb\/contacto\/\" \/>\n<meta property=\"og:site_name\" content=\"Manuel Cabezas. Servicios de caza\" \/>\n<meta property=\"article:publisher\" content=\"https:\/\/www.facebook.com\/pages\/Cabezas-Servicios-de-Caza\/535853066585857\" \/>\n<meta property=\"article:modified_time\" content=\"2017-09-24T14:31:59+00:00\" \/>\n<meta name=\"twitter:card\" content=\"summary_large_image\" \/>\n<script type=\"application\/ld+json\" class=\"yoast-schema-graph\">{\"@context\":\"https:\/\/schema.org\",\"@graph\":[{\"@type\":\"WebPage\",\"@id\":\"https:\/\/www.cabezasservicaza.com\/cb\/contacto\/\",\"url\":\"https:\/\/www.cabezasservicaza.com\/cb\/contacto\/\",\"name\":\"Contacto - Manuel Cabezas. Servicios de caza\",\"isPartOf\":{\"@id\":\"https:\/\/www.cabezasservicaza.com\/cb\/#website\"},\"datePublished\":\"2017-09-24T14:18:49+00:00\",\"dateModified\":\"2017-09-24T14:31:59+00:00\",\"breadcrumb\":{\"@id\":\"https:\/\/www.cabezasservicaza.com\/cb\/contacto\/#breadcrumb\"},\"inLanguage\":\"es\",\"potentialAction\":[{\"@type\":\"ReadAction\",\"target\":[\"https:\/\/www.cabezasservicaza.com\/cb\/contacto\/\"]}]},{\"@type\":\"BreadcrumbList\",\"@id\":\"https:\/\/www.cabezasservicaza.com\/cb\/contacto\/#breadcrumb\",\"itemListElement\":[{\"@type\":\"ListItem\",\"position\":1,\"name\":\"Portada\",\"item\":\"https:\/\/www.cabezasservicaza.com\/cb\/\"},{\"@type\":\"ListItem\",\"position\":2,\"name\":\"Contacto\"}]},{\"@type\":\"WebSite\",\"@id\":\"https:\/\/www.cabezasservicaza.com\/cb\/#website\",\"url\":\"https:\/\/www.cabezasservicaza.com\/cb\/\",\"name\":\"Manuel Cabezas. Servicios de caza\",\"description\":\"Caza, monter\u00edas, cacer\u00edas y recechos.\",\"publisher\":{\"@id\":\"https:\/\/www.cabezasservicaza.com\/cb\/#organization\"},\"potentialAction\":[{\"@type\":\"SearchAction\",\"target\":{\"@type\":\"EntryPoint\",\"urlTemplate\":\"https:\/\/www.cabezasservicaza.com\/cb\/?s={search_term_string}\"},\"query-input\":{\"@type\":\"PropertyValueSpecification\",\"valueRequired\":true,\"valueName\":\"search_term_string\"}}],\"inLanguage\":\"es\"},{\"@type\":\"Organization\",\"@id\":\"https:\/\/www.cabezasservicaza.com\/cb\/#organization\",\"name\":\"Cabezas Servicaza\",\"url\":\"https:\/\/www.cabezasservicaza.com\/cb\/\",\"logo\":{\"@type\":\"ImageObject\",\"inLanguage\":\"es\",\"@id\":\"https:\/\/www.cabezasservicaza.com\/cb\/#\/schema\/logo\/image\/\",\"url\":\"https:\/\/www.cabezasservicaza.com\/cb\/wp-content\/uploads\/logo.png\",\"contentUrl\":\"https:\/\/www.cabezasservicaza.com\/cb\/wp-content\/uploads\/logo.png\",\"width\":250,\"height\":250,\"caption\":\"Cabezas Servicaza\"},\"image\":{\"@id\":\"https:\/\/www.cabezasservicaza.com\/cb\/#\/schema\/logo\/image\/\"},\"sameAs\":[\"https:\/\/www.facebook.com\/pages\/Cabezas-Servicios-de-Caza\/535853066585857\",\"https:\/\/www.youtube.com\/channel\/UCeMMd83seMij4ezcfTvANEQ\"]}]}<\/script>\n<!-- \/ Yoast SEO plugin. -->","yoast_head_json":{"title":"Contacto - Manuel Cabezas. Servicios de caza","robots":{"index":"index","follow":"follow","max-snippet":"max-snippet:-1","max-image-preview":"max-image-preview:large","max-video-preview":"max-video-preview:-1"},"canonical":"https:\/\/www.cabezasservicaza.com\/cb\/contacto\/","og_locale":"es_ES","og_type":"article","og_title":"Contacto - Manuel Cabezas. Servicios de caza","og_description":"Para cualquier duda o ampliar informaci\u00f3n, por favor, no dude en ponerse en contacto con nosotros, a trav\u00e9s de correo electr\u00f3nico \u00f3 al\u00a0653 96 85 17. Gracias por su atenci\u00f3n. Leer m\u00e1s","og_url":"https:\/\/www.cabezasservicaza.com\/cb\/contacto\/","og_site_name":"Manuel Cabezas. Servicios de caza","article_publisher":"https:\/\/www.facebook.com\/pages\/Cabezas-Servicios-de-Caza\/535853066585857","article_modified_time":"2017-09-24T14:31:59+00:00","twitter_card":"summary_large_image","schema":{"@context":"https:\/\/schema.org","@graph":[{"@type":"WebPage","@id":"https:\/\/www.cabezasservicaza.com\/cb\/contacto\/","url":"https:\/\/www.cabezasservicaza.com\/cb\/contacto\/","name":"Contacto - Manuel Cabezas. Servicios de caza","isPartOf":{"@id":"https:\/\/www.cabezasservicaza.com\/cb\/#website"},"datePublished":"2017-09-24T14:18:49+00:00","dateModified":"2017-09-24T14:31:59+00:00","breadcrumb":{"@id":"https:\/\/www.cabezasservicaza.com\/cb\/contacto\/#breadcrumb"},"inLanguage":"es","potentialAction":[{"@type":"ReadAction","target":["https:\/\/www.cabezasservicaza.com\/cb\/contacto\/"]}]},{"@type":"BreadcrumbList","@id":"https:\/\/www.cabezasservicaza.com\/cb\/contacto\/#breadcrumb","itemListElement":[{"@type":"ListItem","position":1,"name":"Portada","item":"https:\/\/www.cabezasservicaza.com\/cb\/"},{"@type":"ListItem","position":2,"name":"Contacto"}]},{"@type":"WebSite","@id":"https:\/\/www.cabezasservicaza.com\/cb\/#website","url":"https:\/\/www.cabezasservicaza.com\/cb\/","name":"Manuel Cabezas. Servicios de caza","description":"Caza, monter\u00edas, cacer\u00edas y recechos.","publisher":{"@id":"https:\/\/www.cabezasservicaza.com\/cb\/#organization"},"potentialAction":[{"@type":"SearchAction","target":{"@type":"EntryPoint","urlTemplate":"https:\/\/www.cabezasservicaza.com\/cb\/?s={search_term_string}"},"query-input":{"@type":"PropertyValueSpecification","valueRequired":true,"valueName":"search_term_string"}}],"inLanguage":"es"},{"@type":"Organization","@id":"https:\/\/www.cabezasservicaza.com\/cb\/#organization","name":"Cabezas Servicaza","url":"https:\/\/www.cabezasservicaza.com\/cb\/","logo":{"@type":"ImageObject","inLanguage":"es","@id":"https:\/\/www.cabezasservicaza.com\/cb\/#\/schema\/logo\/image\/","url":"https:\/\/www.cabezasservicaza.com\/cb\/wp-content\/uploads\/logo.png","contentUrl":"https:\/\/www.cabezasservicaza.com\/cb\/wp-content\/uploads\/logo.png","width":250,"height":250,"caption":"Cabezas Servicaza"},"image":{"@id":"https:\/\/www.cabezasservicaza.com\/cb\/#\/schema\/logo\/image\/"},"sameAs":["https:\/\/www.facebook.com\/pages\/Cabezas-Servicios-de-Caza\/535853066585857","https:\/\/www.youtube.com\/channel\/UCeMMd83seMij4ezcfTvANEQ"]}]}},"_links":{"self":[{"href":"https:\/\/www.cabezasservicaza.com\/cb\/wp-json\/wp\/v2\/pages\/208","targetHints":{"allow":["GET"]}}],"collection":[{"href":"https:\/\/www.cabezasservicaza.com\/cb\/wp-json\/wp\/v2\/pages"}],"about":[{"href":"https:\/\/www.cabezasservicaza.com\/cb\/wp-json\/wp\/v2\/types\/page"}],"author":[{"embeddable":true,"href":"https:\/\/www.cabezasservicaza.com\/cb\/wp-json\/wp\/v2\/users\/1"}],"replies":[{"embeddable":true,"href":"https:\/\/www.cabezasservicaza.com\/cb\/wp-json\/wp\/v2\/comments?post=208"}],"version-history":[{"count":3,"href":"https:\/\/www.cabezasservicaza.com\/cb\/wp-json\/wp\/v2\/pages\/208\/revisions"}],"predecessor-version":[{"id":213,"href":"https:\/\/www.cabezasservicaza.com\/cb\/wp-json\/wp\/v2\/pages\/208\/revisions\/213"}],"wp:attachment":[{"href":"https:\/\/www.cabezasservicaza.com\/cb\/wp-json\/wp\/v2\/media?parent=208"}],"curies":[{"name":"wp","href":"https:\/\/api.w.org\/{rel}","templated":true}]}}